{"id":679,"date":"2021-08-25T08:33:12","date_gmt":"2021-08-25T06:33:12","guid":{"rendered":"https:\/\/idvex.eu\/privacy\/"},"modified":"2025-10-16T13:52:29","modified_gmt":"2025-10-16T11:52:29","slug":"politica-de-privacidad","status":"publish","type":"page","link":"https:\/\/idvex.eu\/it\/informativa-sulla-privacy\/","title":{"rendered":"Informativa sulla privacy"},"content":{"rendered":"<div data-elementor-type=\"wp-page\" data-elementor-id=\"679\" class=\"elementor elementor-679\" data-elementor-post-type=\"page\">\n\t\t\t\t<div class=\"elementor-element elementor-element-5675aeba e-flex e-con-boxed e-con e-parent\" data-id=\"5675aeba\" data-element_type=\"container\" data-e-type=\"container\" data-settings=\"{&quot;jet_parallax_layout_list&quot;:[]}\">\n\t\t\t\t\t<div class=\"e-con-inner\">\n\t\t\t\t<div class=\"elementor-element elementor-element-55074dce elementor-widget elementor-widget-text-editor\" data-id=\"55074dce\" data-element_type=\"widget\" data-e-type=\"widget\" data-widget_type=\"text-editor.default\">\n\t\t\t\t<div class=\"elementor-widget-container\">\n\t\t\t\t\t\t\t\t\t<h2 data-start=\"349\" data-end=\"378\"><strong data-start=\"352\" data-end=\"378\">INFORMATIVA SULLA PRIVACY<\/strong><\/h2><p data-start=\"380\" data-end=\"424\">La vostra privacy \u00e8 importante per noi.<\/p><p data-start=\"426\" data-end=\"671\">Questa dichiarazione sulla privacy fornisce informazioni sui dati personali che raccogliamo su di voi. <strong data-start=\"519\" data-end=\"560\">\"ARIKI - Gestione degli asset dei veicoli SL\".<\/strong> (di seguito, <strong data-start=\"575\" data-end=\"590\">Gruppo ARIKI<\/strong>) raccoglie, nonch\u00e9 come il Gruppo ARIKI utilizza tali informazioni.<\/p><hr data-start=\"673\" data-end=\"676\" \/><h3 data-start=\"678\" data-end=\"742\"><strong data-start=\"682\" data-end=\"742\">Informativa sulla privacy per i visitatori di questo sito<\/strong><\/h3><p data-start=\"744\" data-end=\"951\">La presente Privacy Policy ha lo scopo di descrivere le modalit\u00e0 di gestione di questo sito, con particolare riferimento all'utilizzo dei cookie e al trattamento dei dati personali degli utenti\/visitatori.<\/p><p data-start=\"953\" data-end=\"1210\">Si tratta di un <strong data-start=\"969\" data-end=\"996\">dichiarazione informativa<\/strong>in conformit\u00e0 con il <strong data-start=\"1012\" data-end=\"1047\">Legge 15\/1999 del 13 dicembre 1999<\/strong>Legge sulla protezione dei dati personali (territorio spagnolo), rivolta agli utenti che accedono al sito web. <a class=\"decorated-link\" href=\"http:\/\/www.arikigroup.eu\" target=\"_new\" rel=\"noopener\" data-start=\"1164\" data-end=\"1209\">www.arikigroup.eu<\/a>.<\/p><p data-start=\"1212\" data-end=\"1465\">Le presenti informazioni sono fornite solo per il sito web di cui sopra e per i suoi eventuali sottodomini (di seguito denominati \"Sito web\"), e <strong data-start=\"1348\" data-end=\"1383\">non si applica ad altri siti web<\/strong> a cui l'utente pu\u00f2 accedere attraverso i link presenti sul Sito.<\/p><hr data-start=\"1467\" data-end=\"1470\" \/><h3 data-start=\"1472\" data-end=\"1505\"><strong data-start=\"1476\" data-end=\"1505\">Responsabile del sito web<\/strong><\/h3><ul data-start=\"1507\" data-end=\"1924\"><li data-start=\"1507\" data-end=\"1544\"><p data-start=\"1509\" data-end=\"1544\"><strong data-start=\"1509\" data-end=\"1530\">Nome commerciale:<\/strong> Gruppo ARIKI<\/p><\/li><li data-start=\"1545\" data-end=\"1602\"><p data-start=\"1547\" data-end=\"1602\"><strong data-start=\"1547\" data-end=\"1564\">Nome della societ\u00e0:<\/strong> ARIKI - Gestione delle risorse del veicolo SL<\/p><\/li><li data-start=\"1603\" data-end=\"1697\"><p data-start=\"1605\" data-end=\"1697\"><strong data-start=\"1605\" data-end=\"1637\">Sede legale e operativa:<\/strong> Av. V\u00eda Augusta n. 15-25, 08174 Sant Cugat - BCN (Spagna)<\/p><\/li><li data-start=\"1698\" data-end=\"1728\"><p data-start=\"1700\" data-end=\"1728\"><strong data-start=\"1700\" data-end=\"1712\">NUMERO DI PARTITA IVA:<\/strong> IT B-66079005<\/p><\/li><li data-start=\"1729\" data-end=\"1763\"><p data-start=\"1731\" data-end=\"1763\"><strong data-start=\"1731\" data-end=\"1744\">Telefono:<\/strong> +34 93 500 12 22<\/p><\/li><li data-start=\"1764\" data-end=\"1845\"><p data-start=\"1766\" data-end=\"1845\"><strong data-start=\"1766\" data-end=\"1789\">E-mail:<\/strong> <a class=\"decorated-link cursor-pointer\" rel=\"noopener\" data-start=\"1790\" data-end=\"1843\">privacy@arikigroup.eu<\/a><\/p><\/li><li data-start=\"1846\" data-end=\"1924\"><p data-start=\"1848\" data-end=\"1924\"><strong data-start=\"1848\" data-end=\"1871\">Registro commerciale:<\/strong> Pagina B-439841, volume 43838, foglio 217, iscrizione 5\u00aa.<\/p><\/li><\/ul><p data-start=\"1926\" data-end=\"2122\">Gli utenti\/visitatori sono invitati a leggere attentamente la presente Informativa sulla privacy prima di inviare qualsiasi informazione personale e\/o compilare qualsiasi modulo elettronico sul sito web.<\/p><hr data-start=\"2124\" data-end=\"2127\" \/><h3 data-start=\"2129\" data-end=\"2190\"><strong data-start=\"2133\" data-end=\"2190\">Tipi di dati trattati e finalit\u00e0 del trattamento<\/strong><\/h3><h4 data-start=\"2192\" data-end=\"2223\"><strong data-start=\"2197\" data-end=\"2223\">1. Dati di navigazione<\/strong><\/h4><p data-start=\"2225\" data-end=\"2452\">I sistemi informatici e le procedure software utilizzati per il funzionamento del presente sito web <strong data-start=\"2332\" data-end=\"2393\">raccogliere alcuni dati personali in modo implicito<\/strong> nell'uso dei protocolli di comunicazione Internet.<\/p><p data-start=\"2454\" data-end=\"2843\">Queste informazioni non vengono raccolte per essere associate a stakeholder identificati, ma per loro stessa natura, <strong data-start=\"2562\" data-end=\"2626\">potrebbe consentire l'identificazione degli utenti\/visitatori<\/strong> attraverso il loro trattamento e l'associazione con dati in possesso di terzi (ad esempio, indirizzi IP, nomi di dominio delle apparecchiature utilizzate, codice di stato della risposta del server, tipo di browser, ecc.)<\/p><p data-start=\"2845\" data-end=\"2990\">Questi dati vengono utilizzati <strong data-start=\"2869\" data-end=\"2910\">solo a fini statistici<\/strong> (in forma anonima) e per controllare il corretto funzionamento del sito web.<\/p><p data-start=\"2992\" data-end=\"3203\">I dati relativi alle connessioni web vengono conservati per un periodo massimo di sei mesi, a meno che non debbano essere conservati per l'accertamento di eventuali reati informatici commessi a danno del Sito.<\/p><p data-start=\"3205\" data-end=\"3283\">Nessun dato derivante dal servizio web sar\u00e0 comunicato o diffuso a terzi.<\/p><p data-start=\"3285\" data-end=\"3618\">\ud83d\udc49 L'erogazione dei servizi del Sito non \u00e8 impedita se i cookie sono disabilitati; tuttavia, <strong data-start=\"3394\" data-end=\"3465\">se tutti i cookie vengono bloccati o cancellati, compresi i cookie tecnici<\/strong>Alcune operazioni potrebbero non essere completate correttamente o essere pi\u00f9 complesse e meno sicure (ad esempio, l'accesso all'area utente privata).<\/p><hr data-start=\"3620\" data-end=\"3623\" \/><h4 data-start=\"3625\" data-end=\"3701\"><strong data-start=\"3630\" data-end=\"3701\">2. Dati forniti volontariamente dagli utenti\/visitatori<\/strong><\/h4><p data-start=\"3703\" data-end=\"4041\">Quando gli utenti\/visitatori accedono al Sito e <strong data-start=\"3761\" data-end=\"3808\">fornire volontariamente i propri dati personali<\/strong> per accedere a determinati servizi o inviare richieste via e-mail, il Gruppo ARIKI acquisisce l'indirizzo del mittente e\/o altri dati personali necessari per rispondere alla richiesta o fornire il servizio richiesto.<\/p><p data-start=\"4043\" data-end=\"4216\">I dati personali forniti saranno comunicati a terzi solo nei casi in cui ci\u00f2 sia necessario per <strong data-start=\"4137\" data-end=\"4215\">strettamente necessari per soddisfare la richiesta dell'utente\/visitatore<\/strong>.<\/p><hr data-start=\"4218\" data-end=\"4221\" \/><h3 data-start=\"4223\" data-end=\"4270\"><strong data-start=\"4227\" data-end=\"4270\">Modalit\u00e0 di elaborazione dei dati<\/strong><\/h3><p data-start=\"4272\" data-end=\"4549\">I dati personali sono trattati mediante <strong data-start=\"4312\" data-end=\"4349\">mezzi automatici o elettronici<\/strong> e\/o manualmente (ad es. su carta), per il tempo strettamente necessario a conseguire gli scopi per cui sono raccolti, e comunque in conformit\u00e0 alla normativa vigente.<\/p><hr data-start=\"4551\" data-end=\"4554\" \/><h3 data-start=\"4556\" data-end=\"4592\"><strong data-start=\"4560\" data-end=\"4592\">Dati aggiuntivi opzionali<\/strong><\/h3><p data-start=\"4594\" data-end=\"4832\">Oltre ai dati di navigazione sopra indicati, gli utenti\/visitatori sono liberi di fornire altri dati personali. Il mancato conferimento di tali dati pu\u00f2 <strong data-start=\"4765\" data-end=\"4814\">impedire al Gruppo ARIKI di soddisfare le richieste<\/strong> corrispondente.<\/p><hr data-start=\"4834\" data-end=\"4837\" \/><h3 data-start=\"4839\" data-end=\"4907\"><strong data-start=\"4843\" data-end=\"4907\">Titolare del trattamento, Responsabile del trattamento e Personale autorizzato<\/strong><\/h3><p data-start=\"4909\" data-end=\"5052\"><strong data-start=\"4909\" data-end=\"4941\">Titolare del trattamento dei dati:<\/strong><br data-start=\"4941\" data-end=\"4944\" \/>ARIKI Intelligence Group SL<br data-start=\"4971\" data-end=\"4974\" \/>Av. V\u00eda Augusta n. 15-25, 08174 Sant Cugat - BCN (Spagna)<br data-start=\"5031\" data-end=\"5034\" \/>PARTITA IVA: IT B-66079005<\/p><p data-start=\"5054\" data-end=\"5314\">I dati degli utenti\/visitatori possono essere elaborati da <strong data-start=\"5115\" data-end=\"5142\">dipendenti dell'azienda<\/strong> all'interno dei dipartimenti indicati. Questi dipendenti agiscono come <strong data-start=\"5211\" data-end=\"5254\">personale autorizzato al trattamento<\/strong>sotto la diretta autorit\u00e0 del dirigente competente.<\/p><hr data-start=\"5316\" data-end=\"5319\" \/><h3 data-start=\"5321\" data-end=\"5356\"><strong data-start=\"5325\" data-end=\"5356\">Diritti degli interessati<\/strong><\/h3><p data-start=\"5358\" data-end=\"5527\">Gli utenti\/visitatori hanno il diritto di <strong data-start=\"5399\" data-end=\"5454\">accedere ai propri dati personali in qualsiasi momento<\/strong> e di esercitare gli altri diritti riconosciuti dalla legge, quali:<\/p><ul data-start=\"5529\" data-end=\"5796\"><li data-start=\"5529\" data-end=\"5577\"><p data-start=\"5531\" data-end=\"5577\">Richiedere l'origine dei dati personali.<\/p><\/li><li data-start=\"5578\" data-end=\"5671\"><p data-start=\"5580\" data-end=\"5671\">Richiedere la rettifica, l'aggiornamento o l'integrazione di dati inesatti o incompleti.<\/p><\/li><li data-start=\"5672\" data-end=\"5747\"><p data-start=\"5674\" data-end=\"5747\">Richiedere la cancellazione o il blocco dei dati trattati illegalmente.<\/p><\/li><li data-start=\"5748\" data-end=\"5796\"><p data-start=\"5750\" data-end=\"5796\">opporsi al trattamento per motivi legittimi.<\/p><\/li><\/ul><p data-start=\"5798\" data-end=\"5992\">Per esercitare tali diritti, gli interessati possono contattare il Titolare del trattamento via e-mail: <a class=\"decorated-link cursor-pointer\" rel=\"noopener\" data-start=\"5939\" data-end=\"5992\">privacy@arikigroup.eu<\/a><\/p>\t\t\t\t\t\t\t\t<\/div>\n\t\t\t\t<\/div>\n\t\t\t\t\t<\/div>\n\t\t\t\t<\/div>\n\t\t\t\t<\/div>","protected":false},"excerpt":{"rendered":"<p>POL\u00cdTICA DE PRIVACIDAD Su privacidad es importante para nosotros. La presente declaraci\u00f3n de privacidad proporciona informaci\u00f3n sobre los datos personales que \u00abARIKI \u2013 Vehicle Asset Management SL\u00bb (en adelante, ARIKI Group) recopila, as\u00ed como sobre la forma en que ARIKI Group utiliza dicha informaci\u00f3n. Pol\u00edtica de privacidad web para visitantes de este sitio Esta Pol\u00edtica [&hellip;]<\/p>\n","protected":false},"author":6,"featured_media":0,"parent":0,"menu_order":0,"comment_status":"closed","ping_status":"closed","template":"","meta":{"_monsterinsights_skip_tracking":false,"_monsterinsights_sitenote_active":false,"_monsterinsights_sitenote_note":"","_monsterinsights_sitenote_category":0,"footnotes":""},"class_list":["post-679","page","type-page","status-publish","hentry"],"yoast_head":"<!-- This site is optimized with the Yoast SEO plugin v27.3 - https:\/\/yoast.com\/product\/yoast-seo-wordpress\/ -->\n<title>Politica de Privacidad - Idvex<\/title>\n<meta name=\"robots\" content=\"noindex, nofollow\" \/>\n<meta property=\"og:locale\" content=\"it_IT\" \/>\n<meta property=\"og:type\" content=\"article\" \/>\n<meta property=\"og:title\" content=\"Politica de Privacidad - Idvex\" \/>\n<meta property=\"og:description\" content=\"POL\u00cdTICA DE PRIVACIDAD Su privacidad es importante para nosotros. La presente declaraci\u00f3n de privacidad proporciona informaci\u00f3n sobre los datos personales que \u00abARIKI \u2013 Vehicle Asset Management SL\u00bb (en adelante, ARIKI Group) recopila, as\u00ed como sobre la forma en que ARIKI Group utiliza dicha informaci\u00f3n. Pol\u00edtica de privacidad web para visitantes de este sitio Esta Pol\u00edtica [&hellip;]\" \/>\n<meta property=\"og:url\" content=\"https:\/\/idvex.eu\/it\/informativa-sulla-privacy\/\" \/>\n<meta property=\"og:site_name\" content=\"Idvex\" \/>\n<meta property=\"article:modified_time\" content=\"2025-10-16T11:52:29+00:00\" \/>\n<meta name=\"twitter:card\" content=\"summary_large_image\" \/>\n<meta name=\"twitter:label1\" content=\"Tempo di lettura stimato\" \/>\n\t<meta name=\"twitter:data1\" content=\"4 minuti\" \/>\n<script type=\"application\/ld+json\" class=\"yoast-schema-graph\">{\"@context\":\"https:\\\/\\\/schema.org\",\"@graph\":[{\"@type\":\"WebPage\",\"@id\":\"https:\\\/\\\/idvex.eu\\\/politica-de-privacidad\\\/\",\"url\":\"https:\\\/\\\/idvex.eu\\\/politica-de-privacidad\\\/\",\"name\":\"Politica de Privacidad - Idvex\",\"isPartOf\":{\"@id\":\"https:\\\/\\\/idvex.eu\\\/#website\"},\"datePublished\":\"2021-08-25T06:33:12+00:00\",\"dateModified\":\"2025-10-16T11:52:29+00:00\",\"breadcrumb\":{\"@id\":\"https:\\\/\\\/idvex.eu\\\/politica-de-privacidad\\\/#breadcrumb\"},\"inLanguage\":\"it-IT\",\"potentialAction\":[{\"@type\":\"ReadAction\",\"target\":[\"https:\\\/\\\/idvex.eu\\\/politica-de-privacidad\\\/\"]}]},{\"@type\":\"BreadcrumbList\",\"@id\":\"https:\\\/\\\/idvex.eu\\\/politica-de-privacidad\\\/#breadcrumb\",\"itemListElement\":[{\"@type\":\"ListItem\",\"position\":1,\"name\":\"Portada\",\"item\":\"https:\\\/\\\/idvex.eu\\\/\"},{\"@type\":\"ListItem\",\"position\":2,\"name\":\"Politica de Privacidad\"}]},{\"@type\":\"WebSite\",\"@id\":\"https:\\\/\\\/idvex.eu\\\/#website\",\"url\":\"https:\\\/\\\/idvex.eu\\\/\",\"name\":\"Idvex\",\"description\":\"Advanced Vehicle Detection\",\"publisher\":{\"@id\":\"https:\\\/\\\/idvex.eu\\\/#organization\"},\"potentialAction\":[{\"@type\":\"SearchAction\",\"target\":{\"@type\":\"EntryPoint\",\"urlTemplate\":\"https:\\\/\\\/idvex.eu\\\/?s={search_term_string}\"},\"query-input\":{\"@type\":\"PropertyValueSpecification\",\"valueRequired\":true,\"valueName\":\"search_term_string\"}}],\"inLanguage\":\"it-IT\"},{\"@type\":\"Organization\",\"@id\":\"https:\\\/\\\/idvex.eu\\\/#organization\",\"name\":\"Idvex\",\"url\":\"https:\\\/\\\/idvex.eu\\\/\",\"logo\":{\"@type\":\"ImageObject\",\"inLanguage\":\"it-IT\",\"@id\":\"https:\\\/\\\/idvex.eu\\\/#\\\/schema\\\/logo\\\/image\\\/\",\"url\":\"https:\\\/\\\/idvex.eu\\\/wp-content\\\/uploads\\\/logo_idvex_h.png\",\"contentUrl\":\"https:\\\/\\\/idvex.eu\\\/wp-content\\\/uploads\\\/logo_idvex_h.png\",\"width\":300,\"height\":100,\"caption\":\"Idvex\"},\"image\":{\"@id\":\"https:\\\/\\\/idvex.eu\\\/#\\\/schema\\\/logo\\\/image\\\/\"}}]}<\/script>\n<!-- \/ Yoast SEO plugin. -->","yoast_head_json":{"title":"Informativa sulla privacy - Idvex","robots":{"index":"noindex","follow":"nofollow"},"og_locale":"it_IT","og_type":"article","og_title":"Politica de Privacidad - Idvex","og_description":"POL\u00cdTICA DE PRIVACIDAD Su privacidad es importante para nosotros. La presente declaraci\u00f3n de privacidad proporciona informaci\u00f3n sobre los datos personales que \u00abARIKI \u2013 Vehicle Asset Management SL\u00bb (en adelante, ARIKI Group) recopila, as\u00ed como sobre la forma en que ARIKI Group utiliza dicha informaci\u00f3n. Pol\u00edtica de privacidad web para visitantes de este sitio Esta Pol\u00edtica [&hellip;]","og_url":"https:\/\/idvex.eu\/it\/informativa-sulla-privacy\/","og_site_name":"Idvex","article_modified_time":"2025-10-16T11:52:29+00:00","twitter_card":"summary_large_image","twitter_misc":{"Tempo di lettura stimato":"4 minuti"},"schema":{"@context":"https:\/\/schema.org","@graph":[{"@type":"WebPage","@id":"https:\/\/idvex.eu\/politica-de-privacidad\/","url":"https:\/\/idvex.eu\/politica-de-privacidad\/","name":"Informativa sulla privacy - Idvex","isPartOf":{"@id":"https:\/\/idvex.eu\/#website"},"datePublished":"2021-08-25T06:33:12+00:00","dateModified":"2025-10-16T11:52:29+00:00","breadcrumb":{"@id":"https:\/\/idvex.eu\/politica-de-privacidad\/#breadcrumb"},"inLanguage":"it-IT","potentialAction":[{"@type":"ReadAction","target":["https:\/\/idvex.eu\/politica-de-privacidad\/"]}]},{"@type":"BreadcrumbList","@id":"https:\/\/idvex.eu\/politica-de-privacidad\/#breadcrumb","itemListElement":[{"@type":"ListItem","position":1,"name":"Portada","item":"https:\/\/idvex.eu\/"},{"@type":"ListItem","position":2,"name":"Politica de Privacidad"}]},{"@type":"WebSite","@id":"https:\/\/idvex.eu\/#website","url":"https:\/\/idvex.eu\/","name":"Idvex","description":"Rilevamento avanzato dei veicoli","publisher":{"@id":"https:\/\/idvex.eu\/#organization"},"potentialAction":[{"@type":"SearchAction","target":{"@type":"EntryPoint","urlTemplate":"https:\/\/idvex.eu\/?s={search_term_string}"},"query-input":{"@type":"PropertyValueSpecification","valueRequired":true,"valueName":"search_term_string"}}],"inLanguage":"it-IT"},{"@type":"Organization","@id":"https:\/\/idvex.eu\/#organization","name":"Idvex","url":"https:\/\/idvex.eu\/","logo":{"@type":"ImageObject","inLanguage":"it-IT","@id":"https:\/\/idvex.eu\/#\/schema\/logo\/image\/","url":"https:\/\/idvex.eu\/wp-content\/uploads\/logo_idvex_h.png","contentUrl":"https:\/\/idvex.eu\/wp-content\/uploads\/logo_idvex_h.png","width":300,"height":100,"caption":"Idvex"},"image":{"@id":"https:\/\/idvex.eu\/#\/schema\/logo\/image\/"}}]}},"_links":{"self":[{"href":"https:\/\/idvex.eu\/it\/wp-json\/wp\/v2\/pages\/679","targetHints":{"allow":["GET"]}}],"collection":[{"href":"https:\/\/idvex.eu\/it\/wp-json\/wp\/v2\/pages"}],"about":[{"href":"https:\/\/idvex.eu\/it\/wp-json\/wp\/v2\/types\/page"}],"author":[{"embeddable":true,"href":"https:\/\/idvex.eu\/it\/wp-json\/wp\/v2\/users\/6"}],"replies":[{"embeddable":true,"href":"https:\/\/idvex.eu\/it\/wp-json\/wp\/v2\/comments?post=679"}],"version-history":[{"count":3,"href":"https:\/\/idvex.eu\/it\/wp-json\/wp\/v2\/pages\/679\/revisions"}],"predecessor-version":[{"id":2336,"href":"https:\/\/idvex.eu\/it\/wp-json\/wp\/v2\/pages\/679\/revisions\/2336"}],"wp:attachment":[{"href":"https:\/\/idvex.eu\/it\/wp-json\/wp\/v2\/media?parent=679"}],"curies":[{"name":"wp","href":"https:\/\/api.w.org\/{rel}","templated":true}]}}