{"id":498,"date":"2021-07-08T16:10:58","date_gmt":"2021-07-08T14:10:58","guid":{"rendered":"https:\/\/idvex.eu\/?page_id=498"},"modified":"2025-10-16T13:52:44","modified_gmt":"2025-10-16T11:52:44","slug":"politica-de-redes-sociales","status":"publish","type":"page","link":"https:\/\/idvex.eu\/it\/politica-sui-social-media\/","title":{"rendered":"Politica sui social media"},"content":{"rendered":"<div data-elementor-type=\"wp-page\" data-elementor-id=\"498\" class=\"elementor elementor-498\" data-elementor-post-type=\"page\">\n\t\t\t\t<div class=\"elementor-element elementor-element-112070d4 e-flex e-con-boxed e-con e-parent\" data-id=\"112070d4\" data-element_type=\"container\" data-e-type=\"container\" data-settings=\"{&quot;jet_parallax_layout_list&quot;:[]}\">\n\t\t\t\t\t<div class=\"e-con-inner\">\n\t\t\t\t<div class=\"elementor-element elementor-element-4ad8da92 elementor-widget elementor-widget-text-editor\" data-id=\"4ad8da92\" data-element_type=\"widget\" data-e-type=\"widget\" data-widget_type=\"text-editor.default\">\n\t\t\t\t<div class=\"elementor-widget-container\">\n\t\t\t\t\t\t\t\t\t<p><br><\/p>\n<ol>\n<li>Informazioni sul responsabile del trattamento dei dati ospitato sulla pagina ufficiale di ARIKI - Vehicle Asset Management SL, sul social network<\/li>\n<\/ol>\n<p>In conformit\u00e0 con l'obbligo di informazione stabilito dal Regolamento (UE) 2016\/679 del 27 aprile (GDPR) e dalla Legge Organica 3\/2018, del 5 dicembre (LOPDGDD) ARIKI - Vehicle Asset Management SL, di seguito il \"Responsabile\" desidera informare gli utenti di questo social network della politica relativa al trattamento e alla protezione dei dati personali delle persone che accedono e utilizzano volontariamente la pagina ufficiale del RESPONSABILE, nello stesso. Accedendo e utilizzando questa pagina ufficiale del RESPONSABILE, gli utenti accettano espressamente questa politica sulla privacy e acconsentono al trattamento dei loro dati personali in conformit\u00e0 con le disposizioni della stessa.<\/p>\n<p><\/p>\n<ol start=\"2\">\n<li>Dati di minori o persone incapaci<\/li>\n<\/ol>\n<p>L'accesso e la registrazione in questo social network \u00e8 vietato ai minori di quattordici (14) anni, cos\u00ec come \u00e8 vietato l'accesso e l'utilizzo da parte dei minori di quattordici (14) anni alla pagina ufficiale del RESPONSABILE. Da parte sua, se l'utente \u00e8 incapace, il RESPONSABILE avverte che per l'accesso e l'uso di questa pagina ufficiale del RESPONSABILE sar\u00e0 necessaria l'assistenza consenziente del titolare della potest\u00e0 genitoriale o della tutela dell'utente o del suo rappresentante legale, il quale sar\u00e0 espressamente esonerato da qualsiasi responsabilit\u00e0 che possa derivare dall'uso della sua pagina ufficiale da parte di minori e persone incapaci, essendo tale responsabilit\u00e0 a carico dei loro rappresentanti legali in ogni caso.<\/p>\n<p><\/p>\n<ol start=\"3\">\n<li>Identificazione della ragione sociale del titolare del trattamento dei dati<\/li>\n<\/ol>\n<p>L'utente \u00e8 informato che il RESPONSABILE, con sede legale in Av. V\u00eda Augusta, 15-25 - 08174 Sant Cugat del Vall\u00e8s (Barcellona), \u00e8 responsabile dei file e del trattamento attraverso i quali vengono raccolti e conservati i dati personali dell'utente in seguito alla registrazione e all'utilizzo della pagina ufficiale del RESPONSABILE su questo social network, senza pregiudicare il trattamento di cui \u00e8 responsabile il proprietario del social network su cui si trova la nostra pagina ufficiale.<\/p>\n<p><\/p>\n<ol start=\"4\">\n<li>Finalit\u00e0 di utilizzo dei dati personali, informativa e consenso<\/li>\n<\/ol>\n<p>I dati personali forniti volontariamente dall'utente al RESPONSABILE, attraverso il suo sito web ufficiale, faranno parte di un trattamento di dati sotto la responsabilit\u00e0 del RESPONSABILE, con lo scopo di offrire informazioni da parte del RESPONSABILE, tramite e-mail, fax, SMS, MMS, comunit\u00e0 sociali o qualsiasi altro mezzo elettronico o fisico, presente o futuro, che permetta la comunicazione commerciale, l'invio di newsletter agli utenti che si iscrivono, lo scambio di informazioni con il RESPONSABILE e altri utenti e la creazione di comunicazioni con terzi.<\/p>\n<p>Dal momento in cui l'utente utilizza il presente sito web ufficiale, fornisce il proprio consenso libero, inequivocabile, specifico, informato ed espresso al trattamento dei propri dati personali da parte del RESPONSABILE, per la corretta erogazione di tali servizi in conformit\u00e0 con le disposizioni della presente informativa.<\/p>\n<p>L'utente \u00e8 libero di utilizzare la pagina ufficiale del RESPONSABILE su questo social network, quindi nel caso in cui l'utente non sia d'accordo con il trattamento dei suoi dati per tali scopi, non deve utilizzarlo o fornire i suoi dati personali.<\/p>\n<p>Attraverso questa pagina ufficiale del RESPONSABILE, l'utente pu\u00f2 condividere testi, foto, video e altri tipi di informazioni e\/o contenuti che saranno soggetti sia alla presente politica che alle Regole e Condizioni della Piattaforma. L'utente \u00e8 responsabile di garantire che tutti i contenuti da lui pubblicati siano conformi alla legislazione vigente, alla presente politica e alle Regole della Piattaforma.<\/p>\n<p>L'utente pu\u00f2 pubblicare su questo sito web ufficiale del RESPONSABILE solo dati personali, fotografie e informazioni o altri contenuti la cui propriet\u00e0 e possesso gli appartengono o per i quali ha l'autorizzazione di terzi.<\/p>\n<p>Il RESPONSABILE avr\u00e0 il diritto di rimuovere da questo sito web ufficiale - unilateralmente e senza previa comunicazione o autorizzazione da parte dell'utente - qualsiasi contenuto pubblicato dall'utente che infranga o violi la legislazione vigente, le norme stabilite in questa politica e il Regolamento della piattaforma.<\/p>\n<p><\/p>\n<ol start=\"5\">\n<li>Identificazione dei destinatari rispetto ai quali il RESPONSABILE intende trasferire o comunicare i dati<\/li>\n<\/ol>\n<p>L'utente \u00e8 avvisato che tutte le informazioni e i contenuti pubblicati sulla pagina ufficiale del RESPONSABILE sul social network possono essere conosciuti dagli altri utenti della pagina ufficiale e della piattaforma del social network. Di conseguenza, tutte le informazioni e i contenuti pubblicati dall'utente sulla pagina ufficiale del RESPONSABILE su questo social network saranno comunicati al resto degli utenti a causa della natura del servizio.<\/p>\n<p><\/p>\n<p>Il RESPONSABILE intende effettuare solo i trasferimenti o le comunicazioni di dati che, in base alla normativa vigente, devono essere effettuati a giudici, tribunali, pubbliche amministrazioni e autorit\u00e0 competenti di natura amministrativa.<\/p>\n<p><\/p>\n<ol start=\"6\">\n<li>Altri fornitori di servizi di terze parti<\/li>\n<\/ol>\n<p>Il RESPONSABILE, avverte l'utente che questa entit\u00e0 \u00e8 solo responsabile e garantisce la riservatezza, la sicurezza e il trattamento dei dati in conformit\u00e0 con questa politica, per quanto riguarda i dati personali raccolti dall'utente attraverso questa pagina ufficiale su questo social network, non avr\u00e0 alcuna responsabilit\u00e0 per il trattamento e il successivo utilizzo dei dati personali che possono essere effettuati sia dal proprietario del social network che da terzi fornitori di servizi della societ\u00e0 dell'informazione che possono accedere a tali dati come risultato della fornitura dei loro servizi o dell'esercizio della loro attivit\u00e0, da terzi che stabiliscono collegamenti ipertestuali al social network, o dai responsabili a cui, attraverso collegamenti ipertestuali, il RESPONSABILE rimanda gli utenti che sono membri di questa pagina ufficiale.<\/p>\n<p><\/p>\n<ol start=\"7\">\n<li>Qualit\u00e0 dei dati<\/li>\n<\/ol>\n<p>Il RESPONSABILE, avverte l'utente che, salvo l'esistenza di una rappresentanza legalmente costituita, nessun utente pu\u00f2 utilizzare l'identit\u00e0 di un'altra persona e comunicare i suoi dati personali, per cui l'utente deve tenere sempre presente che pu\u00f2 fornire solo i dati personali corrispondenti alla propria identit\u00e0 e che siano adeguati, pertinenti, attuali, accurati e veritieri. In ogni caso, l'utente deve rispettare la privacy di terzi, che siano o meno utenti del social network o della pagina ufficiale di RESPONSABILIT\u00c0 sullo stesso.<\/p>\n<p><\/p>\n<ol start=\"8\">\n<li>Diritti della parte interessata:<\/li>\n<\/ol>\n<p>Diritto di ritirare il consenso in qualsiasi momento.<\/p>\n<p>Il diritto di accesso, rettifica, portabilit\u00e0 e cancellazione dei vostri dati e il diritto di limitare o opporsi al loro trattamento.<\/p>\n<p>Il diritto di proporre reclamo all'autorit\u00e0 di controllo (www.aepd.es.) qualora ritenga che il trattamento non sia conforme alla normativa vigente.<\/p>\n<p><\/p>\n<ol start=\"9\">\n<li>Altre informazioni di interesse<\/li>\n<\/ol>\n<p>Il RESPONSABILE, pu\u00f2 modificare e\/o sostituire questa politica in qualsiasi momento, che, a seconda dei casi, sostituir\u00e0, completer\u00e0 e\/o modificher\u00e0 la politica attualmente pubblicata qui. Pertanto, l'utente deve accedervi periodicamente per tenersi aggiornato.<\/p>\n<p>L'utente pu\u00f2 contattare il RESPONSABILE, attraverso il servizio di messaggistica interna del social network o attraverso i seguenti indirizzi e recapiti:<\/p>\n<p>ARIKI - Gestione delle risorse del veicolo SL<\/p>\n<p>Av. Via Augusta, 15-25<\/p>\n<p>08174 Sant Cugat del Vall\u00e8s (Barcellona)<\/p>\n<p>privacy@arikigroup.eu<\/p>\n<p><\/p>\n<p>L'utente pu\u00f2 inoltre consultare le regole e le politiche pubblicate dal proprietario del social network per l'utilizzo dello stesso.<\/p>\t\t\t\t\t\t\t\t<\/div>\n\t\t\t\t<\/div>\n\t\t\t\t\t<\/div>\n\t\t\t\t<\/div>\n\t\t\t\t<\/div>","protected":false},"excerpt":{"rendered":"<p>Informaci\u00f3n sobre el responsable del tratamiento de los datos alojados en la p\u00e1gina oficial de ARIKI &#8211; Vehicle Asset Management SL, en la red social De conformidad al deber de informaci\u00f3n establecido en el Reglamento (UE) 2016\/679 de 27 de abril (GDPR) y la Ley Org\u00e1nica 3\/2018, de 5 de diciembre (LOPDGDD) ARIKI &#8211; Vehicle [&hellip;]<\/p>\n","protected":false},"author":6,"featured_media":0,"parent":0,"menu_order":0,"comment_status":"closed","ping_status":"closed","template":"","meta":{"_monsterinsights_skip_tracking":false,"_monsterinsights_sitenote_active":false,"_monsterinsights_sitenote_note":"","_monsterinsights_sitenote_category":0,"footnotes":""},"class_list":["post-498","page","type-page","status-publish","hentry"],"yoast_head":"<!-- This site is optimized with the Yoast SEO plugin v27.4 - https:\/\/yoast.com\/product\/yoast-seo-wordpress\/ -->\n<title>Pol\u00edtica de Redes Sociales - Idvex<\/title>\n<meta name=\"robots\" content=\"noindex, nofollow\" \/>\n<meta property=\"og:locale\" content=\"it_IT\" \/>\n<meta property=\"og:type\" content=\"article\" \/>\n<meta property=\"og:title\" content=\"Pol\u00edtica de Redes Sociales - Idvex\" \/>\n<meta property=\"og:description\" content=\"Informaci\u00f3n sobre el responsable del tratamiento de los datos alojados en la p\u00e1gina oficial de ARIKI &#8211; Vehicle Asset Management SL, en la red social De conformidad al deber de informaci\u00f3n establecido en el Reglamento (UE) 2016\/679 de 27 de abril (GDPR) y la Ley Org\u00e1nica 3\/2018, de 5 de diciembre (LOPDGDD) ARIKI &#8211; Vehicle [&hellip;]\" \/>\n<meta property=\"og:url\" content=\"https:\/\/idvex.eu\/it\/politica-sui-social-media\/\" \/>\n<meta property=\"og:site_name\" content=\"Idvex\" \/>\n<meta property=\"article:modified_time\" content=\"2025-10-16T11:52:44+00:00\" \/>\n<meta name=\"twitter:card\" content=\"summary_large_image\" \/>\n<meta name=\"twitter:label1\" content=\"Tempo di lettura stimato\" \/>\n\t<meta name=\"twitter:data1\" content=\"6 minuti\" \/>\n<script type=\"application\/ld+json\" class=\"yoast-schema-graph\">{\"@context\":\"https:\\\/\\\/schema.org\",\"@graph\":[{\"@type\":\"WebPage\",\"@id\":\"https:\\\/\\\/idvex.eu\\\/politica-de-redes-sociales\\\/\",\"url\":\"https:\\\/\\\/idvex.eu\\\/politica-de-redes-sociales\\\/\",\"name\":\"Pol\u00edtica de Redes Sociales - Idvex\",\"isPartOf\":{\"@id\":\"https:\\\/\\\/idvex.eu\\\/#website\"},\"datePublished\":\"2021-07-08T14:10:58+00:00\",\"dateModified\":\"2025-10-16T11:52:44+00:00\",\"breadcrumb\":{\"@id\":\"https:\\\/\\\/idvex.eu\\\/politica-de-redes-sociales\\\/#breadcrumb\"},\"inLanguage\":\"it-IT\",\"potentialAction\":[{\"@type\":\"ReadAction\",\"target\":[\"https:\\\/\\\/idvex.eu\\\/politica-de-redes-sociales\\\/\"]}]},{\"@type\":\"BreadcrumbList\",\"@id\":\"https:\\\/\\\/idvex.eu\\\/politica-de-redes-sociales\\\/#breadcrumb\",\"itemListElement\":[{\"@type\":\"ListItem\",\"position\":1,\"name\":\"Portada\",\"item\":\"https:\\\/\\\/idvex.eu\\\/\"},{\"@type\":\"ListItem\",\"position\":2,\"name\":\"Pol\u00edtica de Redes Sociales\"}]},{\"@type\":\"WebSite\",\"@id\":\"https:\\\/\\\/idvex.eu\\\/#website\",\"url\":\"https:\\\/\\\/idvex.eu\\\/\",\"name\":\"Idvex\",\"description\":\"Advanced Vehicle Detection\",\"publisher\":{\"@id\":\"https:\\\/\\\/idvex.eu\\\/#organization\"},\"potentialAction\":[{\"@type\":\"SearchAction\",\"target\":{\"@type\":\"EntryPoint\",\"urlTemplate\":\"https:\\\/\\\/idvex.eu\\\/?s={search_term_string}\"},\"query-input\":{\"@type\":\"PropertyValueSpecification\",\"valueRequired\":true,\"valueName\":\"search_term_string\"}}],\"inLanguage\":\"it-IT\"},{\"@type\":\"Organization\",\"@id\":\"https:\\\/\\\/idvex.eu\\\/#organization\",\"name\":\"Idvex\",\"url\":\"https:\\\/\\\/idvex.eu\\\/\",\"logo\":{\"@type\":\"ImageObject\",\"inLanguage\":\"it-IT\",\"@id\":\"https:\\\/\\\/idvex.eu\\\/#\\\/schema\\\/logo\\\/image\\\/\",\"url\":\"https:\\\/\\\/idvex.eu\\\/wp-content\\\/uploads\\\/logo_idvex_h.png\",\"contentUrl\":\"https:\\\/\\\/idvex.eu\\\/wp-content\\\/uploads\\\/logo_idvex_h.png\",\"width\":300,\"height\":100,\"caption\":\"Idvex\"},\"image\":{\"@id\":\"https:\\\/\\\/idvex.eu\\\/#\\\/schema\\\/logo\\\/image\\\/\"}}]}<\/script>\n<!-- \/ Yoast SEO plugin. -->","yoast_head_json":{"title":"Politica sui social media - Idvex","robots":{"index":"noindex","follow":"nofollow"},"og_locale":"it_IT","og_type":"article","og_title":"Pol\u00edtica de Redes Sociales - Idvex","og_description":"Informaci\u00f3n sobre el responsable del tratamiento de los datos alojados en la p\u00e1gina oficial de ARIKI &#8211; Vehicle Asset Management SL, en la red social De conformidad al deber de informaci\u00f3n establecido en el Reglamento (UE) 2016\/679 de 27 de abril (GDPR) y la Ley Org\u00e1nica 3\/2018, de 5 de diciembre (LOPDGDD) ARIKI &#8211; Vehicle [&hellip;]","og_url":"https:\/\/idvex.eu\/it\/politica-sui-social-media\/","og_site_name":"Idvex","article_modified_time":"2025-10-16T11:52:44+00:00","twitter_card":"summary_large_image","twitter_misc":{"Tempo di lettura stimato":"6 minuti"},"schema":{"@context":"https:\/\/schema.org","@graph":[{"@type":"WebPage","@id":"https:\/\/idvex.eu\/politica-de-redes-sociales\/","url":"https:\/\/idvex.eu\/politica-de-redes-sociales\/","name":"Politica sui social media - Idvex","isPartOf":{"@id":"https:\/\/idvex.eu\/#website"},"datePublished":"2021-07-08T14:10:58+00:00","dateModified":"2025-10-16T11:52:44+00:00","breadcrumb":{"@id":"https:\/\/idvex.eu\/politica-de-redes-sociales\/#breadcrumb"},"inLanguage":"it-IT","potentialAction":[{"@type":"ReadAction","target":["https:\/\/idvex.eu\/politica-de-redes-sociales\/"]}]},{"@type":"BreadcrumbList","@id":"https:\/\/idvex.eu\/politica-de-redes-sociales\/#breadcrumb","itemListElement":[{"@type":"ListItem","position":1,"name":"Portada","item":"https:\/\/idvex.eu\/"},{"@type":"ListItem","position":2,"name":"Pol\u00edtica de Redes Sociales"}]},{"@type":"WebSite","@id":"https:\/\/idvex.eu\/#website","url":"https:\/\/idvex.eu\/","name":"Idvex","description":"Rilevamento avanzato dei veicoli","publisher":{"@id":"https:\/\/idvex.eu\/#organization"},"potentialAction":[{"@type":"SearchAction","target":{"@type":"EntryPoint","urlTemplate":"https:\/\/idvex.eu\/?s={search_term_string}"},"query-input":{"@type":"PropertyValueSpecification","valueRequired":true,"valueName":"search_term_string"}}],"inLanguage":"it-IT"},{"@type":"Organization","@id":"https:\/\/idvex.eu\/#organization","name":"Idvex","url":"https:\/\/idvex.eu\/","logo":{"@type":"ImageObject","inLanguage":"it-IT","@id":"https:\/\/idvex.eu\/#\/schema\/logo\/image\/","url":"https:\/\/idvex.eu\/wp-content\/uploads\/logo_idvex_h.png","contentUrl":"https:\/\/idvex.eu\/wp-content\/uploads\/logo_idvex_h.png","width":300,"height":100,"caption":"Idvex"},"image":{"@id":"https:\/\/idvex.eu\/#\/schema\/logo\/image\/"}}]}},"_links":{"self":[{"href":"https:\/\/idvex.eu\/it\/wp-json\/wp\/v2\/pages\/498","targetHints":{"allow":["GET"]}}],"collection":[{"href":"https:\/\/idvex.eu\/it\/wp-json\/wp\/v2\/pages"}],"about":[{"href":"https:\/\/idvex.eu\/it\/wp-json\/wp\/v2\/types\/page"}],"author":[{"embeddable":true,"href":"https:\/\/idvex.eu\/it\/wp-json\/wp\/v2\/users\/6"}],"replies":[{"embeddable":true,"href":"https:\/\/idvex.eu\/it\/wp-json\/wp\/v2\/comments?post=498"}],"version-history":[{"count":3,"href":"https:\/\/idvex.eu\/it\/wp-json\/wp\/v2\/pages\/498\/revisions"}],"predecessor-version":[{"id":2361,"href":"https:\/\/idvex.eu\/it\/wp-json\/wp\/v2\/pages\/498\/revisions\/2361"}],"wp:attachment":[{"href":"https:\/\/idvex.eu\/it\/wp-json\/wp\/v2\/media?parent=498"}],"curies":[{"name":"wp","href":"https:\/\/api.w.org\/{rel}","templated":true}]}}