{"id":132,"date":"2021-06-14T09:50:00","date_gmt":"2021-06-14T07:50:00","guid":{"rendered":"https:\/\/idvex.eu\/?page_id=132"},"modified":"2025-10-16T13:51:06","modified_gmt":"2025-10-16T11:51:06","slug":"aviso-legal","status":"publish","type":"page","link":"https:\/\/idvex.eu\/it\/avviso-legale\/","title":{"rendered":"Avviso legale"},"content":{"rendered":"<div data-elementor-type=\"wp-page\" data-elementor-id=\"132\" class=\"elementor elementor-132\" data-elementor-post-type=\"page\">\n\t\t\t\t<div class=\"elementor-element elementor-element-661e9329 e-flex e-con-boxed e-con e-parent\" data-id=\"661e9329\" data-element_type=\"container\" data-e-type=\"container\" data-settings=\"{&quot;jet_parallax_layout_list&quot;:[]}\">\n\t\t\t\t\t<div class=\"e-con-inner\">\n\t\t\t\t<div class=\"elementor-element elementor-element-1baefaa3 elementor-widget elementor-widget-text-editor\" data-id=\"1baefaa3\" data-element_type=\"widget\" data-e-type=\"widget\" data-widget_type=\"text-editor.default\">\n\t\t\t\t<div class=\"elementor-widget-container\">\n\t\t\t\t\t\t\t\t\t<p>\u00a0<\/p><p align=\"center\"><strong>LEGGE SUI SERVIZI DELLA SOCIET\u00c0 DELL'INFORMAZIONE (LSSI)<\/strong><\/p><p>Xperta S.r.l.U., responsabile del sito web, di seguito RESPONSABILE, mette a disposizione degli utenti il presente documento, con il quale intende ottemperare agli obblighi previsti dalla Legge 34\/2002, dell\u201911 giugno, sui servizi della societ\u00e0 dell'informazione e del commercio, sostituita dal D. Lgs. 70\/2003, nonch\u00e9 informare tutti gli utenti del sito web sulle condizioni di utilizzo.<\/p><p>Chiunque acceda a questo sito web assume il ruolo di utente, impegnandosi all'osservanza e al rigoroso rispetto delle disposizioni del presente documento, nonch\u00e9 di qualsiasi altra disposizione di legge applicabile.<\/p><p>Xperta S.r.l.U. si riserva il diritto di modificare qualsiasi tipo di informazione che possa apparire sul sito, senza alcun obbligo di preavviso o di informazione agli utenti, intendendosi sufficiente la pubblicazione sul sito di Xperta S.r.l.U..<\/p><p><strong>1. DATI DI IDENTIFICAZIONE<\/strong><\/p><p>Nome di dominio: www.xperta.it<br \/>Nome commerciale: XPERTA<br \/>Nome dell'azienda: Xperta S.r.l.U.<br \/>PARTITA IVA: IT 02955390543<br \/>Sede Legale e Operativa: Via S. Pietrino n.1b - 06129 Perugia (Italia)<br \/>Telefono: +39 335 1029365<br \/>e-mail: privacy@xperta.it<br \/>Iscrizione al Registro di Perugia (IT) (Commercio\/Pubblico): REA n. PG-253332<\/p><p><strong>2. DIRITTI DI PROPRIET\u00c0 INTELLETTUALE E INDUSTRIALE<\/strong><\/p><p>Il sito web, compresi, a titolo esemplificativo e non esaustivo, la programmazione, la redazione, la compilazione e gli altri elementi necessari al suo funzionamento, i disegni, i loghi, i testi e\/o la grafica, sono di propriet\u00e0 della PARTE RESPONSABILE o, se del caso, dispongono di una licenza o di un'autorizzazione espressa da parte degli autori. Tutti i contenuti del sito web sono debitamente protetti dalle norme sulla propriet\u00e0 intellettuale e industriale, nonch\u00e9 registrati nei corrispondenti registri pubblici.<\/p><p>Indipendentemente dallo scopo per cui sono stati concepiti, la riproduzione totale o parziale, l'uso, lo sfruttamento, la distribuzione e la commercializzazione richiedono in ogni caso la previa autorizzazione scritta della PARTE RESPONSABILE. Qualsiasi utilizzo non autorizzato \u00e8 considerato una grave violazione dei diritti di propriet\u00e0 intellettuale o industriale dell'autore.<\/p><p>I disegni, i loghi, i testi e\/o la grafica che non appartengono al RESPONSABILE e che possono apparire sul sito web appartengono ai rispettivi proprietari, e sono essi stessi responsabili di ogni possibile controversia che possa sorgere in relazione ad essi. Il RESPONSABILE autorizza espressamente i terzi a reindirizzare direttamente ai contenuti specifici del sito web, e in ogni caso a reindirizzare al sito web principale www.xperta.it.<\/p><p>Il RESPONSABILE riconosce i corrispondenti diritti di propriet\u00e0 intellettuale e industriale a favore dei loro proprietari, e la loro semplice menzione o apparizione sul sito web non implica l'esistenza di alcun diritto o responsabilit\u00e0 su di essi, n\u00e9 alcun avallo, sponsorizzazione o raccomandazione da parte dello stesso.<\/p><p>Per esprimere commenti su eventuali violazioni dei diritti di propriet\u00e0 intellettuale o industriale, nonch\u00e9 su qualsiasi contenuto del sito web, \u00e8 possibile inviare un'e-mail a privacy@xperta.it.<\/p><p><strong>3. ESENZIONE DI RESPONSABILIT\u00c0<\/strong><\/p><p>Il RESPONSABILE declina ogni responsabilit\u00e0 per le informazioni pubblicate sul proprio sito web, a condizione che tali informazioni siano state manipolate o introdotte da terzi esterni allo stesso.<\/p><p>Utilizzo dei cookie<\/p><p>Questo sito pu\u00f2 utilizzare cookie tecnici (piccoli file informativi che il server invia al computer di chi accede alla pagina) per svolgere alcune funzioni ritenute essenziali per il corretto funzionamento e la visualizzazione del sito. I cookie utilizzati sono comunque di natura temporanea, al solo scopo di rendere pi\u00f9 efficiente la navigazione, e scompaiono al termine della sessione dell'utente. In nessun caso questi cookie forniscono di per s\u00e9 dati di natura personale e non saranno utilizzati per raccogliere tali dati.<\/p><p>Attraverso l'uso dei cookie \u00e8 anche possibile che il server in cui si trova il sito web riconosca il browser utilizzato dall'utente per facilitare la navigazione, consentendo, ad esempio, agli utenti che si sono precedentemente registrati di accedere alle aree, ai servizi, alle promozioni o ai concorsi riservati esclusivamente a loro senza doversi registrare a ogni visita. Possono anche essere utilizzati per misurare l'audience, i parametri di traffico, controllare l'andamento e il numero delle iscrizioni, ecc. Questo sito web non installer\u00e0 cookie dispensabili senza il preventivo consenso dell'utente.<\/p><p>L'utente ha la possibilit\u00e0 di configurare il proprio browser per essere avvisato della ricezione dei cookie e per impedirne l'installazione sul proprio computer. Per ulteriori informazioni, consultare le istruzioni del browser.<\/p><p><strong>Politica di collegamento<\/strong><\/p><p>Dal sito web, l'utente pu\u00f2 essere reindirizzato a contenuti di siti web di terzi. Poich\u00e9 il RESPONSABILE non pu\u00f2 sempre controllare i contenuti introdotti da terzi nei rispettivi siti web, non si assume alcun tipo di responsabilit\u00e0 rispetto a tali contenuti. In ogni caso, proceder\u00e0 all'immediata rimozione di qualsiasi contenuto che possa contravvenire alla legislazione nazionale o internazionale, alla morale o all'ordine pubblico, procedendo all'immediato ritiro del reindirizzamento a tale sito web, informando le autorit\u00e0 competenti del contenuto in questione.<\/p><p>Il RESPONSABILE non \u00e8 responsabile delle informazioni e dei contenuti memorizzati, tra cui, a titolo esemplificativo e non esaustivo, nei forum, nelle chat, nei generatori di blog, nei commenti, nei social network o in qualsiasi altro mezzo che permetta a terzi di pubblicare contenuti in modo indipendente sul sito web del RESPONSABILE. Tuttavia, e in conformit\u00e0 con le disposizioni degli articoli 11 e 16 della LSSICE, si mette a disposizione di tutti gli utenti, delle autorit\u00e0 e delle forze di sicurezza, collaborando attivamente alla rimozione o, se del caso, al blocco di tutti i contenuti che possano pregiudicare o contravvenire alla legislazione nazionale o internazionale, ai diritti di terzi o al buon costume e all'ordine pubblico. Nel caso in cui l'utente ritenga che sul sito web siano presenti contenuti che potrebbero essere suscettibili di questa classificazione, \u00e8 pregato di comunicarlo immediatamente all'amministratore del sito.<\/p><p>Questo sito web \u00e8 stato controllato e testato per garantirne il corretto funzionamento. In linea di massima, \u00e8 possibile garantire il corretto funzionamento 365 giorni all'anno, 24 ore su 24. Tuttavia, il RESPONSABILE non esclude la possibilit\u00e0 di alcuni errori di programmazione o il verificarsi di cause di forza maggiore, disastri naturali, scioperi o circostanze simili che rendano impossibile l'accesso al sito web.<\/p><p>Indirizzi IP<\/p><p>I server del sito web possono rilevare automaticamente l'indirizzo IP e il nome di dominio utilizzati dall'utente. L'indirizzo IP \u00e8 un numero assegnato automaticamente a un computer quando si connette a Internet. Tutte queste informazioni vengono registrate in un file di attivit\u00e0 del server debitamente registrato che consente la successiva elaborazione dei dati per ottenere misurazioni puramente statistiche che permettono di conoscere il numero di impressioni di pagina, il numero di visite effettuate ai server web, l'ordine delle visite, il punto di accesso, ecc.<\/p><p><strong>4. LEGGE APPLICABILE E GIURISDIZIONE<\/strong><\/p><p>La legge applicabile in caso di controversia o conflitto di interpretazione dei termini che compongono i testi legali, cos\u00ec come per qualsiasi questione relativa ai servizi di questo sito web, sar\u00e0 la legge spagnola.<\/p><p>Ultimo aggiornamento: 30\/06\/2021<\/p>\t\t\t\t\t\t\t\t<\/div>\n\t\t\t\t<\/div>\n\t\t\t\t\t<\/div>\n\t\t\t\t<\/div>\n\t\t\t\t<\/div>","protected":false},"excerpt":{"rendered":"<p>\u00a0 LEY DE LOS SERVICIOS DE LA SOCIEDAD DE LA INFORMACI\u00d3N (LSSI) Xperta S.r.l.U., responsable del sitio web, en adelante RESPONSABLE, pone a disposici\u00f3n de los usuarios el presente documento, con el que pretende dar cumplimiento a las obligaciones dispuestas en la Legge 34\/2002, dell\u201911 giugno, sui Servizi della Societ\u00e0 dell\u2019Informazione e del Commercio Va [&hellip;]<\/p>\n","protected":false},"author":6,"featured_media":0,"parent":0,"menu_order":0,"comment_status":"closed","ping_status":"closed","template":"","meta":{"_monsterinsights_skip_tracking":false,"_monsterinsights_sitenote_active":false,"_monsterinsights_sitenote_note":"","_monsterinsights_sitenote_category":0,"footnotes":""},"class_list":["post-132","page","type-page","status-publish","hentry"],"yoast_head":"<!-- This site is optimized with the Yoast SEO plugin v27.4 - https:\/\/yoast.com\/product\/yoast-seo-wordpress\/ -->\n<title>Aviso legal - Idvex<\/title>\n<meta name=\"robots\" content=\"noindex, nofollow\" \/>\n<meta property=\"og:locale\" content=\"it_IT\" \/>\n<meta property=\"og:type\" content=\"article\" \/>\n<meta property=\"og:title\" content=\"Aviso legal - Idvex\" \/>\n<meta property=\"og:description\" content=\"\u00a0 LEY DE LOS SERVICIOS DE LA SOCIEDAD DE LA INFORMACI\u00d3N (LSSI) Xperta S.r.l.U., responsable del sitio web, en adelante RESPONSABLE, pone a disposici\u00f3n de los usuarios el presente documento, con el que pretende dar cumplimiento a las obligaciones dispuestas en la Legge 34\/2002, dell\u201911 giugno, sui Servizi della Societ\u00e0 dell\u2019Informazione e del Commercio Va [&hellip;]\" \/>\n<meta property=\"og:url\" content=\"https:\/\/idvex.eu\/it\/avviso-legale\/\" \/>\n<meta property=\"og:site_name\" content=\"Idvex\" \/>\n<meta property=\"article:modified_time\" content=\"2025-10-16T11:51:06+00:00\" \/>\n<meta name=\"twitter:card\" content=\"summary_large_image\" \/>\n<meta name=\"twitter:label1\" content=\"Tempo di lettura stimato\" \/>\n\t<meta name=\"twitter:data1\" content=\"6 minuti\" \/>\n<script type=\"application\/ld+json\" class=\"yoast-schema-graph\">{\"@context\":\"https:\\\/\\\/schema.org\",\"@graph\":[{\"@type\":\"WebPage\",\"@id\":\"https:\\\/\\\/idvex.eu\\\/aviso-legal\\\/\",\"url\":\"https:\\\/\\\/idvex.eu\\\/aviso-legal\\\/\",\"name\":\"Aviso legal - Idvex\",\"isPartOf\":{\"@id\":\"https:\\\/\\\/idvex.eu\\\/#website\"},\"datePublished\":\"2021-06-14T07:50:00+00:00\",\"dateModified\":\"2025-10-16T11:51:06+00:00\",\"breadcrumb\":{\"@id\":\"https:\\\/\\\/idvex.eu\\\/aviso-legal\\\/#breadcrumb\"},\"inLanguage\":\"it-IT\",\"potentialAction\":[{\"@type\":\"ReadAction\",\"target\":[\"https:\\\/\\\/idvex.eu\\\/aviso-legal\\\/\"]}]},{\"@type\":\"BreadcrumbList\",\"@id\":\"https:\\\/\\\/idvex.eu\\\/aviso-legal\\\/#breadcrumb\",\"itemListElement\":[{\"@type\":\"ListItem\",\"position\":1,\"name\":\"Portada\",\"item\":\"https:\\\/\\\/idvex.eu\\\/\"},{\"@type\":\"ListItem\",\"position\":2,\"name\":\"Aviso legal\"}]},{\"@type\":\"WebSite\",\"@id\":\"https:\\\/\\\/idvex.eu\\\/#website\",\"url\":\"https:\\\/\\\/idvex.eu\\\/\",\"name\":\"Idvex\",\"description\":\"Advanced Vehicle Detection\",\"publisher\":{\"@id\":\"https:\\\/\\\/idvex.eu\\\/#organization\"},\"potentialAction\":[{\"@type\":\"SearchAction\",\"target\":{\"@type\":\"EntryPoint\",\"urlTemplate\":\"https:\\\/\\\/idvex.eu\\\/?s={search_term_string}\"},\"query-input\":{\"@type\":\"PropertyValueSpecification\",\"valueRequired\":true,\"valueName\":\"search_term_string\"}}],\"inLanguage\":\"it-IT\"},{\"@type\":\"Organization\",\"@id\":\"https:\\\/\\\/idvex.eu\\\/#organization\",\"name\":\"Idvex\",\"url\":\"https:\\\/\\\/idvex.eu\\\/\",\"logo\":{\"@type\":\"ImageObject\",\"inLanguage\":\"it-IT\",\"@id\":\"https:\\\/\\\/idvex.eu\\\/#\\\/schema\\\/logo\\\/image\\\/\",\"url\":\"https:\\\/\\\/idvex.eu\\\/wp-content\\\/uploads\\\/logo_idvex_h.png\",\"contentUrl\":\"https:\\\/\\\/idvex.eu\\\/wp-content\\\/uploads\\\/logo_idvex_h.png\",\"width\":300,\"height\":100,\"caption\":\"Idvex\"},\"image\":{\"@id\":\"https:\\\/\\\/idvex.eu\\\/#\\\/schema\\\/logo\\\/image\\\/\"}}]}<\/script>\n<!-- \/ Yoast SEO plugin. -->","yoast_head_json":{"title":"Avviso legale - Idvex","robots":{"index":"noindex","follow":"nofollow"},"og_locale":"it_IT","og_type":"article","og_title":"Aviso legal - Idvex","og_description":"\u00a0 LEY DE LOS SERVICIOS DE LA SOCIEDAD DE LA INFORMACI\u00d3N (LSSI) Xperta S.r.l.U., responsable del sitio web, en adelante RESPONSABLE, pone a disposici\u00f3n de los usuarios el presente documento, con el que pretende dar cumplimiento a las obligaciones dispuestas en la Legge 34\/2002, dell\u201911 giugno, sui Servizi della Societ\u00e0 dell\u2019Informazione e del Commercio Va [&hellip;]","og_url":"https:\/\/idvex.eu\/it\/avviso-legale\/","og_site_name":"Idvex","article_modified_time":"2025-10-16T11:51:06+00:00","twitter_card":"summary_large_image","twitter_misc":{"Tempo di lettura stimato":"6 minuti"},"schema":{"@context":"https:\/\/schema.org","@graph":[{"@type":"WebPage","@id":"https:\/\/idvex.eu\/aviso-legal\/","url":"https:\/\/idvex.eu\/aviso-legal\/","name":"Avviso legale - Idvex","isPartOf":{"@id":"https:\/\/idvex.eu\/#website"},"datePublished":"2021-06-14T07:50:00+00:00","dateModified":"2025-10-16T11:51:06+00:00","breadcrumb":{"@id":"https:\/\/idvex.eu\/aviso-legal\/#breadcrumb"},"inLanguage":"it-IT","potentialAction":[{"@type":"ReadAction","target":["https:\/\/idvex.eu\/aviso-legal\/"]}]},{"@type":"BreadcrumbList","@id":"https:\/\/idvex.eu\/aviso-legal\/#breadcrumb","itemListElement":[{"@type":"ListItem","position":1,"name":"Portada","item":"https:\/\/idvex.eu\/"},{"@type":"ListItem","position":2,"name":"Aviso legal"}]},{"@type":"WebSite","@id":"https:\/\/idvex.eu\/#website","url":"https:\/\/idvex.eu\/","name":"Idvex","description":"Rilevamento avanzato dei veicoli","publisher":{"@id":"https:\/\/idvex.eu\/#organization"},"potentialAction":[{"@type":"SearchAction","target":{"@type":"EntryPoint","urlTemplate":"https:\/\/idvex.eu\/?s={search_term_string}"},"query-input":{"@type":"PropertyValueSpecification","valueRequired":true,"valueName":"search_term_string"}}],"inLanguage":"it-IT"},{"@type":"Organization","@id":"https:\/\/idvex.eu\/#organization","name":"Idvex","url":"https:\/\/idvex.eu\/","logo":{"@type":"ImageObject","inLanguage":"it-IT","@id":"https:\/\/idvex.eu\/#\/schema\/logo\/image\/","url":"https:\/\/idvex.eu\/wp-content\/uploads\/logo_idvex_h.png","contentUrl":"https:\/\/idvex.eu\/wp-content\/uploads\/logo_idvex_h.png","width":300,"height":100,"caption":"Idvex"},"image":{"@id":"https:\/\/idvex.eu\/#\/schema\/logo\/image\/"}}]}},"_links":{"self":[{"href":"https:\/\/idvex.eu\/it\/wp-json\/wp\/v2\/pages\/132","targetHints":{"allow":["GET"]}}],"collection":[{"href":"https:\/\/idvex.eu\/it\/wp-json\/wp\/v2\/pages"}],"about":[{"href":"https:\/\/idvex.eu\/it\/wp-json\/wp\/v2\/types\/page"}],"author":[{"embeddable":true,"href":"https:\/\/idvex.eu\/it\/wp-json\/wp\/v2\/users\/6"}],"replies":[{"embeddable":true,"href":"https:\/\/idvex.eu\/it\/wp-json\/wp\/v2\/comments?post=132"}],"version-history":[{"count":3,"href":"https:\/\/idvex.eu\/it\/wp-json\/wp\/v2\/pages\/132\/revisions"}],"predecessor-version":[{"id":2348,"href":"https:\/\/idvex.eu\/it\/wp-json\/wp\/v2\/pages\/132\/revisions\/2348"}],"wp:attachment":[{"href":"https:\/\/idvex.eu\/it\/wp-json\/wp\/v2\/media?parent=132"}],"curies":[{"name":"wp","href":"https:\/\/api.w.org\/{rel}","templated":true}]}}