{"id":679,"date":"2021-08-25T08:33:12","date_gmt":"2021-08-25T06:33:12","guid":{"rendered":"https:\/\/idvex.eu\/privacy\/"},"modified":"2025-10-16T13:52:29","modified_gmt":"2025-10-16T11:52:29","slug":"politica-de-privacidad","status":"publish","type":"page","link":"https:\/\/idvex.eu\/ge\/datenschutzpolitik\/","title":{"rendered":"Datenschutzbestimmungen"},"content":{"rendered":"<div data-elementor-type=\"wp-page\" data-elementor-id=\"679\" class=\"elementor elementor-679\" data-elementor-post-type=\"page\">\n\t\t\t\t<div class=\"elementor-element elementor-element-5675aeba e-flex e-con-boxed e-con e-parent\" data-id=\"5675aeba\" data-element_type=\"container\" data-e-type=\"container\" data-settings=\"{&quot;jet_parallax_layout_list&quot;:[]}\">\n\t\t\t\t\t<div class=\"e-con-inner\">\n\t\t\t\t<div class=\"elementor-element elementor-element-55074dce elementor-widget elementor-widget-text-editor\" data-id=\"55074dce\" data-element_type=\"widget\" data-e-type=\"widget\" data-widget_type=\"text-editor.default\">\n\t\t\t\t<div class=\"elementor-widget-container\">\n\t\t\t\t\t\t\t\t\t<h2 data-start=\"349\" data-end=\"378\"><strong data-start=\"352\" data-end=\"378\">PRIVACY POLICY<\/strong><\/h2><p data-start=\"380\" data-end=\"424\">Ihre Privatsph\u00e4re ist uns wichtig.<\/p><p data-start=\"426\" data-end=\"671\">Diese Datenschutzerkl\u00e4rung gibt Auskunft \u00fcber die personenbezogenen Daten, die wir \u00fcber Sie sammeln. <strong data-start=\"519\" data-end=\"560\">\u00abARIKI - Fahrzeug Asset Management SL\u00bb.\u00bb<\/strong> (im Folgenden, <strong data-start=\"575\" data-end=\"590\">ARIKI-Gruppe<\/strong>) sammelt, und wie die ARIKI Gruppe diese Informationen verwendet.<\/p><hr data-start=\"673\" data-end=\"676\" \/><h3 data-start=\"678\" data-end=\"742\"><strong data-start=\"682\" data-end=\"742\">Web-Datenschutzerkl\u00e4rung f\u00fcr Besucher dieser Website<\/strong><\/h3><p data-start=\"744\" data-end=\"951\">In dieser Datenschutzerkl\u00e4rung wird beschrieben, wie diese Website verwaltet wird, insbesondere im Hinblick auf die Verwendung von Cookies und die Verarbeitung der personenbezogenen Daten der Nutzer\/Besucher.<\/p><p data-start=\"953\" data-end=\"1210\">Es ist ein <strong data-start=\"969\" data-end=\"996\">informative Stellungnahme<\/strong>, in \u00dcbereinstimmung mit dem <strong data-start=\"1012\" data-end=\"1047\">Gesetz 15\/1999 vom 13. Dezember 1999<\/strong>, Gesetz zum Schutz personenbezogener Daten (spanisches Hoheitsgebiet), das sich an Nutzer richtet, die auf die Website zugreifen. <a class=\"decorated-link\" href=\"http:\/\/www.arikigroup.eu\" target=\"_new\" rel=\"noopener\" data-start=\"1164\" data-end=\"1209\">www.arikigroup.eu<\/a>.<\/p><p data-start=\"1212\" data-end=\"1465\">Diese Informationen werden nur f\u00fcr die oben genannte Website und ihre m\u00f6glichen Subdomains (im Folgenden als \u201cWebsite\u201d bezeichnet) bereitgestellt, und <strong data-start=\"1348\" data-end=\"1383\">gilt nicht f\u00fcr andere Websites<\/strong> die der Nutzer \u00fcber Links auf der Website erreichen kann.<\/p><hr data-start=\"1467\" data-end=\"1470\" \/><h3 data-start=\"1472\" data-end=\"1505\"><strong data-start=\"1476\" data-end=\"1505\">Verantwortlich f\u00fcr die Website<\/strong><\/h3><ul data-start=\"1507\" data-end=\"1924\"><li data-start=\"1507\" data-end=\"1544\"><p data-start=\"1509\" data-end=\"1544\"><strong data-start=\"1509\" data-end=\"1530\">Handelsname:<\/strong> ARIKI-Gruppe<\/p><\/li><li data-start=\"1545\" data-end=\"1602\"><p data-start=\"1547\" data-end=\"1602\"><strong data-start=\"1547\" data-end=\"1564\">Name des Unternehmens:<\/strong> ARIKI - Fahrzeug Asset Management SL<\/p><\/li><li data-start=\"1603\" data-end=\"1697\"><p data-start=\"1605\" data-end=\"1697\"><strong data-start=\"1605\" data-end=\"1637\">Rechtlicher und operativer Sitz:<\/strong> Av. V\u00eda Augusta n. 15-25, 08174 Sant Cugat - BCN (Spanien)<\/p><\/li><li data-start=\"1698\" data-end=\"1728\"><p data-start=\"1700\" data-end=\"1728\"><strong data-start=\"1700\" data-end=\"1712\">VAT NUMBER:<\/strong> DE B-66079005<\/p><\/li><li data-start=\"1729\" data-end=\"1763\"><p data-start=\"1731\" data-end=\"1763\"><strong data-start=\"1731\" data-end=\"1744\">Telefon:<\/strong> +34 93 500 12 22<\/p><\/li><li data-start=\"1764\" data-end=\"1845\"><p data-start=\"1766\" data-end=\"1845\"><strong data-start=\"1766\" data-end=\"1789\">E-Mail:<\/strong> <a class=\"decorated-link cursor-pointer\" rel=\"noopener\" data-start=\"1790\" data-end=\"1843\">privacy@arikigroup.eu<\/a><\/p><\/li><li data-start=\"1846\" data-end=\"1924\"><p data-start=\"1848\" data-end=\"1924\"><strong data-start=\"1848\" data-end=\"1871\">Handelsregister:<\/strong> Seite B-439841, Band 43838, Folio 217, Inschrift 5\u00aa.<\/p><\/li><\/ul><p data-start=\"1926\" data-end=\"2122\">Die Nutzer\/Besucher werden aufgefordert, diese Datenschutzrichtlinie sorgf\u00e4ltig zu lesen, bevor sie pers\u00f6nliche Daten \u00fcbermitteln und\/oder elektronische Formulare auf der Website ausf\u00fcllen.<\/p><hr data-start=\"2124\" data-end=\"2127\" \/><h3 data-start=\"2129\" data-end=\"2190\"><strong data-start=\"2133\" data-end=\"2190\">Art der verarbeiteten Daten und Zweck der Verarbeitung<\/strong><\/h3><h4 data-start=\"2192\" data-end=\"2223\"><strong data-start=\"2197\" data-end=\"2223\">1. die Navigationsdaten<\/strong><\/h4><p data-start=\"2225\" data-end=\"2452\">Die f\u00fcr den Betrieb dieser Website verwendeten Computersysteme und Softwareverfahren <strong data-start=\"2332\" data-end=\"2393\">bestimmte personenbezogene Daten implizit zu erfassen<\/strong> bei der Verwendung von Internet-Kommunikationsprotokollen.<\/p><p data-start=\"2454\" data-end=\"2843\">Diese Informationen werden nicht gesammelt, um mit bestimmten Interessengruppen in Verbindung gebracht zu werden, sondern aufgrund ihrer Natur, <strong data-start=\"2562\" data-end=\"2626\">k\u00f6nnte die Identifizierung von Nutzern\/Besuchern erm\u00f6glichen<\/strong> durch ihre Verarbeitung und Verkn\u00fcpfung mit Daten im Besitz Dritter (z. B. IP-Adressen, Dom\u00e4nennamen der verwendeten Ger\u00e4te, Server-Antwortstatuscode, Browsertyp usw.).<\/p><p data-start=\"2845\" data-end=\"2990\">Diese Daten werden verwendet <strong data-start=\"2869\" data-end=\"2910\">nur f\u00fcr statistische Zwecke<\/strong> (anonym) und um das ordnungsgem\u00e4\u00dfe Funktionieren der Website zu \u00fcberpr\u00fcfen.<\/p><p data-start=\"2992\" data-end=\"3203\">Daten, die sich auf Web-Verbindungen beziehen, werden f\u00fcr einen Zeitraum von maximal sechs Monaten aufbewahrt, es sei denn, sie m\u00fcssen f\u00fcr die Untersuchung m\u00f6glicher Computerkriminalit\u00e4t zum Nachteil der Website aufbewahrt werden.<\/p><p data-start=\"3205\" data-end=\"3283\">Es werden keine aus dem Webdienst abgeleiteten Daten an Dritte weitergegeben oder verbreitet.<\/p><p data-start=\"3285\" data-end=\"3618\">Die Bereitstellung der Dienste der Website wird durch die Deaktivierung von Cookies nicht beeintr\u00e4chtigt; sie ist jedoch m\u00f6glich, <strong data-start=\"3394\" data-end=\"3465\">wenn alle Cookies, einschlie\u00dflich technischer Cookies, blockiert oder gel\u00f6scht werden<\/strong>, Einige Vorg\u00e4nge werden m\u00f6glicherweise nicht korrekt ausgef\u00fchrt oder sind komplexer und weniger sicher (z. B. der Zugang zum privaten Benutzerbereich).<\/p><hr data-start=\"3620\" data-end=\"3623\" \/><h4 data-start=\"3625\" data-end=\"3701\"><strong data-start=\"3630\" data-end=\"3701\">2. Freiwillig von Nutzern\/Besuchern bereitgestellte Daten<\/strong><\/h4><p data-start=\"3703\" data-end=\"4041\">Wenn sich Nutzer\/Besucher auf der Website anmelden und <strong data-start=\"3761\" data-end=\"3808\">ihre pers\u00f6nlichen Daten freiwillig \u00fcbermitteln<\/strong> F\u00fcr den Zugang zu bestimmten Diensten oder die \u00dcbermittlung von Anfragen per E-Mail erh\u00e4lt die ARIKI-Gruppe die Adresse des Absenders und\/oder andere pers\u00f6nliche Daten, die f\u00fcr die Beantwortung der Anfrage oder die Erbringung des gew\u00fcnschten Dienstes erforderlich sind.<\/p><p data-start=\"4043\" data-end=\"4216\">Die zur Verf\u00fcgung gestellten personenbezogenen Daten werden nur dann an Dritte weitergegeben, wenn dies erforderlich ist, um <strong data-start=\"4137\" data-end=\"4215\">unbedingt erforderlich, um die Anfrage des Nutzers\/Besuchers zu erf\u00fcllen<\/strong>.<\/p><hr data-start=\"4218\" data-end=\"4221\" \/><h3 data-start=\"4223\" data-end=\"4270\"><strong data-start=\"4227\" data-end=\"4270\">Modalit\u00e4ten der Datenverarbeitung<\/strong><\/h3><p data-start=\"4272\" data-end=\"4549\">Die Verarbeitung personenbezogener Daten erfolgt mit Hilfe von <strong data-start=\"4312\" data-end=\"4349\">automatische oder elektronische Mittel<\/strong> und\/oder manuell (z. B. auf Papier), und zwar f\u00fcr den Zeitraum, der unbedingt erforderlich ist, um die Zwecke zu erf\u00fcllen, f\u00fcr die sie gesammelt werden, und in jedem Fall in \u00dcbereinstimmung mit den geltenden Vorschriften.<\/p><hr data-start=\"4551\" data-end=\"4554\" \/><h3 data-start=\"4556\" data-end=\"4592\"><strong data-start=\"4560\" data-end=\"4592\">Optionale zus\u00e4tzliche Daten<\/strong><\/h3><p data-start=\"4594\" data-end=\"4832\">Zus\u00e4tzlich zu den oben genannten Navigationsdaten steht es den Nutzern\/Besuchern frei, weitere personenbezogene Daten anzugeben. Die Nichtbereitstellung solcher Daten kann <strong data-start=\"4765\" data-end=\"4814\">die ARIKI-Gruppe daran hindern, Anfragen zu erf\u00fcllen<\/strong> entsprechend.<\/p><hr data-start=\"4834\" data-end=\"4837\" \/><h3 data-start=\"4839\" data-end=\"4907\"><strong data-start=\"4843\" data-end=\"4907\">F\u00fcr die Datenverarbeitung Verantwortlicher, Auftragsverarbeiter und befugtes Personal<\/strong><\/h3><p data-start=\"4909\" data-end=\"5052\"><strong data-start=\"4909\" data-end=\"4941\">Verantwortlicher f\u00fcr die Datenverarbeitung:<\/strong><br data-start=\"4941\" data-end=\"4944\" \/>ARIKI Intelligence Gruppe SL<br data-start=\"4971\" data-end=\"4974\" \/>Av. V\u00eda Augusta n. 15-25, 08174 Sant Cugat - BCN (Spanien)<br data-start=\"5031\" data-end=\"5034\" \/>MWST.-NUMMER: DE B-66079005<\/p><p data-start=\"5054\" data-end=\"5314\">Nutzer-\/Besucherdaten k\u00f6nnen verarbeitet werden von <strong data-start=\"5115\" data-end=\"5142\">Mitarbeiter des Unternehmens<\/strong> innerhalb der angegebenen Abteilungen. Diese Mitarbeiter fungieren als <strong data-start=\"5211\" data-end=\"5254\">zur Bearbeitung befugtes Personal<\/strong>, unter der unmittelbaren Aufsicht des zust\u00e4ndigen Leiters.<\/p><hr data-start=\"5316\" data-end=\"5319\" \/><h3 data-start=\"5321\" data-end=\"5356\"><strong data-start=\"5325\" data-end=\"5356\">Rechte der betroffenen Personen<\/strong><\/h3><p data-start=\"5358\" data-end=\"5527\">Die Nutzer\/Besucher haben das Recht auf <strong data-start=\"5399\" data-end=\"5454\">jederzeit auf Ihre pers\u00f6nlichen Daten zugreifen<\/strong> und die Aus\u00fcbung anderer gesetzlich anerkannter Rechte, wie z. B.:<\/p><ul data-start=\"5529\" data-end=\"5796\"><li data-start=\"5529\" data-end=\"5577\"><p data-start=\"5531\" data-end=\"5577\">Erkundigen Sie sich nach der Herkunft der personenbezogenen Daten.<\/p><\/li><li data-start=\"5578\" data-end=\"5671\"><p data-start=\"5580\" data-end=\"5671\">die Berichtigung, Aktualisierung oder Erg\u00e4nzung unrichtiger oder unvollst\u00e4ndiger Daten zu verlangen.<\/p><\/li><li data-start=\"5672\" data-end=\"5747\"><p data-start=\"5674\" data-end=\"5747\">die L\u00f6schung oder Sperrung unrechtm\u00e4\u00dfig verarbeiteter Daten zu verlangen.<\/p><\/li><li data-start=\"5748\" data-end=\"5796\"><p data-start=\"5750\" data-end=\"5796\">der Verarbeitung aus legitimen Gr\u00fcnden zu widersprechen.<\/p><\/li><\/ul><p data-start=\"5798\" data-end=\"5992\">Zur Aus\u00fcbung dieser Rechte k\u00f6nnen sich die betroffenen Personen per E-Mail an den f\u00fcr die Verarbeitung Verantwortlichen wenden: <a class=\"decorated-link cursor-pointer\" rel=\"noopener\" data-start=\"5939\" data-end=\"5992\">privacy@arikigroup.eu<\/a><\/p>\t\t\t\t\t\t\t\t<\/div>\n\t\t\t\t<\/div>\n\t\t\t\t\t<\/div>\n\t\t\t\t<\/div>\n\t\t\t\t<\/div>","protected":false},"excerpt":{"rendered":"<p>POL\u00cdTICA DE PRIVACIDAD Su privacidad es importante para nosotros. La presente declaraci\u00f3n de privacidad proporciona informaci\u00f3n sobre los datos personales que \u00abARIKI \u2013 Vehicle Asset Management SL\u00bb (en adelante, ARIKI Group) recopila, as\u00ed como sobre la forma en que ARIKI Group utiliza dicha informaci\u00f3n. Pol\u00edtica de privacidad web para visitantes de este sitio Esta Pol\u00edtica [&hellip;]<\/p>\n","protected":false},"author":6,"featured_media":0,"parent":0,"menu_order":0,"comment_status":"closed","ping_status":"closed","template":"","meta":{"_monsterinsights_skip_tracking":false,"_monsterinsights_sitenote_active":false,"_monsterinsights_sitenote_note":"","_monsterinsights_sitenote_category":0,"footnotes":""},"class_list":["post-679","page","type-page","status-publish","hentry"],"yoast_head":"<!-- This site is optimized with the Yoast SEO plugin v27.4 - https:\/\/yoast.com\/product\/yoast-seo-wordpress\/ -->\n<title>Politica de Privacidad - Idvex<\/title>\n<meta name=\"robots\" content=\"noindex, nofollow\" \/>\n<meta property=\"og:locale\" content=\"de_DE\" \/>\n<meta property=\"og:type\" content=\"article\" \/>\n<meta property=\"og:title\" content=\"Politica de Privacidad - Idvex\" \/>\n<meta property=\"og:description\" content=\"POL\u00cdTICA DE PRIVACIDAD Su privacidad es importante para nosotros. La presente declaraci\u00f3n de privacidad proporciona informaci\u00f3n sobre los datos personales que \u00abARIKI \u2013 Vehicle Asset Management SL\u00bb (en adelante, ARIKI Group) recopila, as\u00ed como sobre la forma en que ARIKI Group utiliza dicha informaci\u00f3n. Pol\u00edtica de privacidad web para visitantes de este sitio Esta Pol\u00edtica [&hellip;]\" \/>\n<meta property=\"og:url\" content=\"https:\/\/idvex.eu\/ge\/datenschutzpolitik\/\" \/>\n<meta property=\"og:site_name\" content=\"Idvex\" \/>\n<meta property=\"article:modified_time\" content=\"2025-10-16T11:52:29+00:00\" \/>\n<meta name=\"twitter:card\" content=\"summary_large_image\" \/>\n<meta name=\"twitter:label1\" content=\"Gesch\u00e4tzte Lesezeit\" \/>\n\t<meta name=\"twitter:data1\" content=\"4\u00a0Minuten\" \/>\n<script type=\"application\/ld+json\" class=\"yoast-schema-graph\">{\"@context\":\"https:\\\/\\\/schema.org\",\"@graph\":[{\"@type\":\"WebPage\",\"@id\":\"https:\\\/\\\/idvex.eu\\\/politica-de-privacidad\\\/\",\"url\":\"https:\\\/\\\/idvex.eu\\\/politica-de-privacidad\\\/\",\"name\":\"Politica de Privacidad - Idvex\",\"isPartOf\":{\"@id\":\"https:\\\/\\\/idvex.eu\\\/#website\"},\"datePublished\":\"2021-08-25T06:33:12+00:00\",\"dateModified\":\"2025-10-16T11:52:29+00:00\",\"breadcrumb\":{\"@id\":\"https:\\\/\\\/idvex.eu\\\/politica-de-privacidad\\\/#breadcrumb\"},\"inLanguage\":\"de\",\"potentialAction\":[{\"@type\":\"ReadAction\",\"target\":[\"https:\\\/\\\/idvex.eu\\\/politica-de-privacidad\\\/\"]}]},{\"@type\":\"BreadcrumbList\",\"@id\":\"https:\\\/\\\/idvex.eu\\\/politica-de-privacidad\\\/#breadcrumb\",\"itemListElement\":[{\"@type\":\"ListItem\",\"position\":1,\"name\":\"Portada\",\"item\":\"https:\\\/\\\/idvex.eu\\\/\"},{\"@type\":\"ListItem\",\"position\":2,\"name\":\"Politica de Privacidad\"}]},{\"@type\":\"WebSite\",\"@id\":\"https:\\\/\\\/idvex.eu\\\/#website\",\"url\":\"https:\\\/\\\/idvex.eu\\\/\",\"name\":\"Idvex\",\"description\":\"Advanced Vehicle Detection\",\"publisher\":{\"@id\":\"https:\\\/\\\/idvex.eu\\\/#organization\"},\"potentialAction\":[{\"@type\":\"SearchAction\",\"target\":{\"@type\":\"EntryPoint\",\"urlTemplate\":\"https:\\\/\\\/idvex.eu\\\/?s={search_term_string}\"},\"query-input\":{\"@type\":\"PropertyValueSpecification\",\"valueRequired\":true,\"valueName\":\"search_term_string\"}}],\"inLanguage\":\"de\"},{\"@type\":\"Organization\",\"@id\":\"https:\\\/\\\/idvex.eu\\\/#organization\",\"name\":\"Idvex\",\"url\":\"https:\\\/\\\/idvex.eu\\\/\",\"logo\":{\"@type\":\"ImageObject\",\"inLanguage\":\"de\",\"@id\":\"https:\\\/\\\/idvex.eu\\\/#\\\/schema\\\/logo\\\/image\\\/\",\"url\":\"https:\\\/\\\/idvex.eu\\\/wp-content\\\/uploads\\\/logo_idvex_h.png\",\"contentUrl\":\"https:\\\/\\\/idvex.eu\\\/wp-content\\\/uploads\\\/logo_idvex_h.png\",\"width\":300,\"height\":100,\"caption\":\"Idvex\"},\"image\":{\"@id\":\"https:\\\/\\\/idvex.eu\\\/#\\\/schema\\\/logo\\\/image\\\/\"}}]}<\/script>\n<!-- \/ Yoast SEO plugin. -->","yoast_head_json":{"title":"Datenschutzrichtlinie - Idvex","robots":{"index":"noindex","follow":"nofollow"},"og_locale":"de_DE","og_type":"article","og_title":"Politica de Privacidad - Idvex","og_description":"POL\u00cdTICA DE PRIVACIDAD Su privacidad es importante para nosotros. La presente declaraci\u00f3n de privacidad proporciona informaci\u00f3n sobre los datos personales que \u00abARIKI \u2013 Vehicle Asset Management SL\u00bb (en adelante, ARIKI Group) recopila, as\u00ed como sobre la forma en que ARIKI Group utiliza dicha informaci\u00f3n. Pol\u00edtica de privacidad web para visitantes de este sitio Esta Pol\u00edtica [&hellip;]","og_url":"https:\/\/idvex.eu\/ge\/datenschutzpolitik\/","og_site_name":"Idvex","article_modified_time":"2025-10-16T11:52:29+00:00","twitter_card":"summary_large_image","twitter_misc":{"Gesch\u00e4tzte Lesezeit":"4\u00a0Minuten"},"schema":{"@context":"https:\/\/schema.org","@graph":[{"@type":"WebPage","@id":"https:\/\/idvex.eu\/politica-de-privacidad\/","url":"https:\/\/idvex.eu\/politica-de-privacidad\/","name":"Datenschutzrichtlinie - Idvex","isPartOf":{"@id":"https:\/\/idvex.eu\/#website"},"datePublished":"2021-08-25T06:33:12+00:00","dateModified":"2025-10-16T11:52:29+00:00","breadcrumb":{"@id":"https:\/\/idvex.eu\/politica-de-privacidad\/#breadcrumb"},"inLanguage":"de","potentialAction":[{"@type":"ReadAction","target":["https:\/\/idvex.eu\/politica-de-privacidad\/"]}]},{"@type":"BreadcrumbList","@id":"https:\/\/idvex.eu\/politica-de-privacidad\/#breadcrumb","itemListElement":[{"@type":"ListItem","position":1,"name":"Portada","item":"https:\/\/idvex.eu\/"},{"@type":"ListItem","position":2,"name":"Politica de Privacidad"}]},{"@type":"WebSite","@id":"https:\/\/idvex.eu\/#website","url":"https:\/\/idvex.eu\/","name":"Idvex","description":"Erweiterte Fahrzeugerfassung","publisher":{"@id":"https:\/\/idvex.eu\/#organization"},"potentialAction":[{"@type":"SearchAction","target":{"@type":"EntryPoint","urlTemplate":"https:\/\/idvex.eu\/?s={search_term_string}"},"query-input":{"@type":"PropertyValueSpecification","valueRequired":true,"valueName":"search_term_string"}}],"inLanguage":"de"},{"@type":"Organization","@id":"https:\/\/idvex.eu\/#organization","name":"Idvex","url":"https:\/\/idvex.eu\/","logo":{"@type":"ImageObject","inLanguage":"de","@id":"https:\/\/idvex.eu\/#\/schema\/logo\/image\/","url":"https:\/\/idvex.eu\/wp-content\/uploads\/logo_idvex_h.png","contentUrl":"https:\/\/idvex.eu\/wp-content\/uploads\/logo_idvex_h.png","width":300,"height":100,"caption":"Idvex"},"image":{"@id":"https:\/\/idvex.eu\/#\/schema\/logo\/image\/"}}]}},"_links":{"self":[{"href":"https:\/\/idvex.eu\/ge\/wp-json\/wp\/v2\/pages\/679","targetHints":{"allow":["GET"]}}],"collection":[{"href":"https:\/\/idvex.eu\/ge\/wp-json\/wp\/v2\/pages"}],"about":[{"href":"https:\/\/idvex.eu\/ge\/wp-json\/wp\/v2\/types\/page"}],"author":[{"embeddable":true,"href":"https:\/\/idvex.eu\/ge\/wp-json\/wp\/v2\/users\/6"}],"replies":[{"embeddable":true,"href":"https:\/\/idvex.eu\/ge\/wp-json\/wp\/v2\/comments?post=679"}],"version-history":[{"count":3,"href":"https:\/\/idvex.eu\/ge\/wp-json\/wp\/v2\/pages\/679\/revisions"}],"predecessor-version":[{"id":2336,"href":"https:\/\/idvex.eu\/ge\/wp-json\/wp\/v2\/pages\/679\/revisions\/2336"}],"wp:attachment":[{"href":"https:\/\/idvex.eu\/ge\/wp-json\/wp\/v2\/media?parent=679"}],"curies":[{"name":"wp","href":"https:\/\/api.w.org\/{rel}","templated":true}]}}