{"id":679,"date":"2021-08-25T08:33:12","date_gmt":"2021-08-25T06:33:12","guid":{"rendered":"https:\/\/idvex.eu\/privacy\/"},"modified":"2025-10-16T13:52:29","modified_gmt":"2025-10-16T11:52:29","slug":"politica-de-privacidad","status":"publish","type":"page","link":"https:\/\/idvex.eu\/fr\/politique-de-confidentialite\/","title":{"rendered":"Politique de confidentialit\u00e9"},"content":{"rendered":"<div data-elementor-type=\"wp-page\" data-elementor-id=\"679\" class=\"elementor elementor-679\" data-elementor-post-type=\"page\">\n\t\t\t\t<div class=\"elementor-element elementor-element-5675aeba e-flex e-con-boxed e-con e-parent\" data-id=\"5675aeba\" data-element_type=\"container\" data-e-type=\"container\" data-settings=\"{&quot;jet_parallax_layout_list&quot;:[]}\">\n\t\t\t\t\t<div class=\"e-con-inner\">\n\t\t\t\t<div class=\"elementor-element elementor-element-55074dce elementor-widget elementor-widget-text-editor\" data-id=\"55074dce\" data-element_type=\"widget\" data-e-type=\"widget\" data-widget_type=\"text-editor.default\">\n\t\t\t\t<div class=\"elementor-widget-container\">\n\t\t\t\t\t\t\t\t\t<h2 data-start=\"349\" data-end=\"378\"><strong data-start=\"352\" data-end=\"378\">POLITIQUE DE CONFIDENTIALIT\u00c9<\/strong><\/h2><p data-start=\"380\" data-end=\"424\">Nous accordons une grande importance \u00e0 la protection de votre vie priv\u00e9e.<\/p><p data-start=\"426\" data-end=\"671\">Cette d\u00e9claration de confidentialit\u00e9 fournit des informations sur les donn\u00e9es personnelles que nous collectons \u00e0 votre sujet. <strong data-start=\"519\" data-end=\"560\">\u00abARIKI - Vehicle Asset Management SL\u00bb.\u00bb<\/strong> (ci-apr\u00e8s, <strong data-start=\"575\" data-end=\"590\">Groupe ARIKI<\/strong>), ainsi que la mani\u00e8re dont le groupe ARIKI utilise ces informations.<\/p><hr data-start=\"673\" data-end=\"676\" \/><h3 data-start=\"678\" data-end=\"742\"><strong data-start=\"682\" data-end=\"742\">Politique de confidentialit\u00e9 pour les visiteurs de ce site<\/strong><\/h3><p data-start=\"744\" data-end=\"951\">La pr\u00e9sente politique de confidentialit\u00e9 a pour objet de d\u00e9crire la gestion de ce site web, en particulier en ce qui concerne l'utilisation de cookies et le traitement des donn\u00e9es personnelles des utilisateurs\/visiteurs.<\/p><p data-start=\"953\" data-end=\"1210\">Il s'agit d'un <strong data-start=\"969\" data-end=\"996\">d\u00e9claration informative<\/strong>, conform\u00e9ment \u00e0 la <strong data-start=\"1012\" data-end=\"1047\">Loi 15\/1999 du 13 d\u00e9cembre 1999<\/strong>, Loi sur la protection des donn\u00e9es personnelles (territoire espagnol), adress\u00e9e aux utilisateurs qui acc\u00e8dent au site web. <a class=\"decorated-link\" href=\"http:\/\/www.arikigroup.eu\" target=\"_new\" rel=\"noopener\" data-start=\"1164\" data-end=\"1209\">www.arikigroup.eu<\/a>.<\/p><p data-start=\"1212\" data-end=\"1465\">Ces informations sont fournies uniquement pour le site web susmentionn\u00e9 et ses \u00e9ventuels sous-domaines (ci-apr\u00e8s d\u00e9nomm\u00e9s \u201csite web\u201d), et <strong data-start=\"1348\" data-end=\"1383\">ne s'applique pas \u00e0 d'autres sites web<\/strong> auxquels l'utilisateur peut acc\u00e9der par des liens sur le site web.<\/p><hr data-start=\"1467\" data-end=\"1470\" \/><h3 data-start=\"1472\" data-end=\"1505\"><strong data-start=\"1476\" data-end=\"1505\">Responsable du site web<\/strong><\/h3><ul data-start=\"1507\" data-end=\"1924\"><li data-start=\"1507\" data-end=\"1544\"><p data-start=\"1509\" data-end=\"1544\"><strong data-start=\"1509\" data-end=\"1530\">Nom commercial :<\/strong> Groupe ARIKI<\/p><\/li><li data-start=\"1545\" data-end=\"1602\"><p data-start=\"1547\" data-end=\"1602\"><strong data-start=\"1547\" data-end=\"1564\">Nom de l'entreprise :<\/strong> ARIKI - Gestion du parc automobile SL<\/p><\/li><li data-start=\"1603\" data-end=\"1697\"><p data-start=\"1605\" data-end=\"1697\"><strong data-start=\"1605\" data-end=\"1637\">Domicile l\u00e9gal et op\u00e9rationnel :<\/strong> Av. V\u00eda Augusta n. 15-25, 08174 Sant Cugat - BCN (Espagne)<\/p><\/li><li data-start=\"1698\" data-end=\"1728\"><p data-start=\"1700\" data-end=\"1728\"><strong data-start=\"1700\" data-end=\"1712\">NUM\u00c9RO DE TVA :<\/strong> FR B-66079005<\/p><\/li><li data-start=\"1729\" data-end=\"1763\"><p data-start=\"1731\" data-end=\"1763\"><strong data-start=\"1731\" data-end=\"1744\">T\u00e9l\u00e9phone :<\/strong> +34 93 500 12 22<\/p><\/li><li data-start=\"1764\" data-end=\"1845\"><p data-start=\"1766\" data-end=\"1845\"><strong data-start=\"1766\" data-end=\"1789\">E-mail :<\/strong> <a class=\"decorated-link cursor-pointer\" rel=\"noopener\" data-start=\"1790\" data-end=\"1843\">privacy@arikigroup.eu<\/a><\/p><\/li><li data-start=\"1846\" data-end=\"1924\"><p data-start=\"1848\" data-end=\"1924\"><strong data-start=\"1848\" data-end=\"1871\">Registre du commerce :<\/strong> Page B-439841, volume 43838, folio 217, inscription 5\u00aa.<\/p><\/li><\/ul><p data-start=\"1926\" data-end=\"2122\">Les utilisateurs\/visiteurs sont encourag\u00e9s \u00e0 lire attentivement la pr\u00e9sente politique de confidentialit\u00e9 avant de soumettre des informations personnelles et\/ou de remplir des formulaires \u00e9lectroniques sur le site web.<\/p><hr data-start=\"2124\" data-end=\"2127\" \/><h3 data-start=\"2129\" data-end=\"2190\"><strong data-start=\"2133\" data-end=\"2190\">Types de donn\u00e9es trait\u00e9es et finalit\u00e9s du traitement<\/strong><\/h3><h4 data-start=\"2192\" data-end=\"2223\"><strong data-start=\"2197\" data-end=\"2223\">1. les donn\u00e9es de navigation<\/strong><\/h4><p data-start=\"2225\" data-end=\"2452\">les syst\u00e8mes informatiques et les proc\u00e9dures logicielles utilis\u00e9s pour le fonctionnement de ce site web <strong data-start=\"2332\" data-end=\"2393\">collecter certaines donn\u00e9es \u00e0 caract\u00e8re personnel de mani\u00e8re implicite<\/strong> dans l'utilisation des protocoles de communication Internet.<\/p><p data-start=\"2454\" data-end=\"2843\">Ces informations ne sont pas collect\u00e9es pour \u00eatre associ\u00e9es \u00e0 des parties prenantes identifi\u00e9es, mais par leur nature m\u00eame, <strong data-start=\"2562\" data-end=\"2626\">pourrait permettre l'identification des utilisateurs\/visiteurs<\/strong> par leur traitement et leur association avec des donn\u00e9es d\u00e9tenues par des tiers (par exemple, adresses IP, noms de domaine de l'\u00e9quipement utilis\u00e9, code d'\u00e9tat de la r\u00e9ponse du serveur, type de navigateur, etc.).<\/p><p data-start=\"2845\" data-end=\"2990\">Ces donn\u00e9es sont utilis\u00e9es <strong data-start=\"2869\" data-end=\"2910\">\u00e0 des fins statistiques uniquement<\/strong> (de mani\u00e8re anonyme) et de v\u00e9rifier le bon fonctionnement du site web.<\/p><p data-start=\"2992\" data-end=\"3203\">Les donn\u00e9es relatives aux connexions web sont conserv\u00e9es pendant une p\u00e9riode maximale de six mois, \u00e0 moins qu'elles ne doivent \u00eatre conserv\u00e9es dans le cadre d'une enqu\u00eate sur d'\u00e9ventuels d\u00e9lits informatiques commis au d\u00e9triment du site web.<\/p><p data-start=\"3205\" data-end=\"3283\">Aucune donn\u00e9e d\u00e9riv\u00e9e du service web ne sera communiqu\u00e9e ou diffus\u00e9e \u00e0 des tiers.<\/p><p data-start=\"3285\" data-end=\"3618\">\ud83d\udc49 La fourniture des services du site Web n'est pas emp\u00each\u00e9e si les cookies sont d\u00e9sactiv\u00e9s ; cependant, <strong data-start=\"3394\" data-end=\"3465\">si tous les cookies sont bloqu\u00e9s ou supprim\u00e9s, y compris les cookies techniques<\/strong>, Certaines op\u00e9rations peuvent ne pas \u00eatre effectu\u00e9es correctement ou \u00eatre plus complexes et moins s\u00fbres (par exemple, l'acc\u00e8s \u00e0 l'espace priv\u00e9 de l'utilisateur).<\/p><hr data-start=\"3620\" data-end=\"3623\" \/><h4 data-start=\"3625\" data-end=\"3701\"><strong data-start=\"3630\" data-end=\"3701\">2. Donn\u00e9es fournies volontairement par les utilisateurs\/visiteurs<\/strong><\/h4><p data-start=\"3703\" data-end=\"4041\">Lorsque les utilisateurs\/visiteurs se connectent au site web et <strong data-start=\"3761\" data-end=\"3808\">soumettre volontairement leurs donn\u00e9es personnelles<\/strong> pour acc\u00e9der \u00e0 certains services ou envoyer des demandes par courrier \u00e9lectronique, le Groupe ARIKI acquiert l'adresse de l'exp\u00e9diteur et\/ou d'autres donn\u00e9es personnelles n\u00e9cessaires pour r\u00e9pondre \u00e0 la demande ou fournir le service demand\u00e9.<\/p><p data-start=\"4043\" data-end=\"4216\">Les donn\u00e9es personnelles fournies ne seront communiqu\u00e9es \u00e0 des tiers que dans les cas o\u00f9 cela est n\u00e9cessaire pour <strong data-start=\"4137\" data-end=\"4215\">strictement n\u00e9cessaires pour r\u00e9pondre \u00e0 la demande de l'utilisateur\/visiteur<\/strong>.<\/p><hr data-start=\"4218\" data-end=\"4221\" \/><h3 data-start=\"4223\" data-end=\"4270\"><strong data-start=\"4227\" data-end=\"4270\">Modalit\u00e9s de traitement des donn\u00e9es<\/strong><\/h3><p data-start=\"4272\" data-end=\"4549\">Les donn\u00e9es \u00e0 caract\u00e8re personnel sont trait\u00e9es au moyen de <strong data-start=\"4312\" data-end=\"4349\">des moyens automatiques ou \u00e9lectroniques<\/strong> et\/ou manuellement (par exemple sur papier), pendant la dur\u00e9e strictement n\u00e9cessaire \u00e0 la r\u00e9alisation des finalit\u00e9s pour lesquelles elles sont collect\u00e9es, et en tout \u00e9tat de cause conform\u00e9ment \u00e0 la r\u00e9glementation en vigueur.<\/p><hr data-start=\"4551\" data-end=\"4554\" \/><h3 data-start=\"4556\" data-end=\"4592\"><strong data-start=\"4560\" data-end=\"4592\">Donn\u00e9es suppl\u00e9mentaires facultatives<\/strong><\/h3><p data-start=\"4594\" data-end=\"4832\">Outre les donn\u00e9es de navigation mentionn\u00e9es ci-dessus, les utilisateurs\/visiteurs sont libres de fournir d'autres donn\u00e9es personnelles. Le fait de ne pas fournir ces donn\u00e9es peut <strong data-start=\"4765\" data-end=\"4814\">emp\u00eacher ARIKI Group de r\u00e9pondre aux demandes<\/strong> correspondant.<\/p><hr data-start=\"4834\" data-end=\"4837\" \/><h3 data-start=\"4839\" data-end=\"4907\"><strong data-start=\"4843\" data-end=\"4907\">Contr\u00f4leur des donn\u00e9es, responsable du traitement et personnel autoris\u00e9<\/strong><\/h3><p data-start=\"4909\" data-end=\"5052\"><strong data-start=\"4909\" data-end=\"4941\">Responsable du traitement des donn\u00e9es :<\/strong><br data-start=\"4941\" data-end=\"4944\" \/>ARIKI Intelligence Group SL<br data-start=\"4971\" data-end=\"4974\" \/>Av. V\u00eda Augusta n. 15-25, 08174 Sant Cugat - BCN (Espagne)<br data-start=\"5031\" data-end=\"5034\" \/>NUM\u00c9RO DE TVA : FR B-66079005<\/p><p data-start=\"5054\" data-end=\"5314\">Les donn\u00e9es relatives aux utilisateurs\/visiteurs peuvent \u00eatre trait\u00e9es par <strong data-start=\"5115\" data-end=\"5142\">les employ\u00e9s de l'entreprise<\/strong> au sein des services indiqu\u00e9s. Ces employ\u00e9s agissent en tant que <strong data-start=\"5211\" data-end=\"5254\">le personnel autoris\u00e9 \u00e0 traiter<\/strong>, sous l'autorit\u00e9 directe du responsable concern\u00e9.<\/p><hr data-start=\"5316\" data-end=\"5319\" \/><h3 data-start=\"5321\" data-end=\"5356\"><strong data-start=\"5325\" data-end=\"5356\">Droits des personnes concern\u00e9es<\/strong><\/h3><p data-start=\"5358\" data-end=\"5527\">Les utilisateurs\/visiteurs ont le droit de <strong data-start=\"5399\" data-end=\"5454\">acc\u00e9der \u00e0 vos donn\u00e9es personnelles \u00e0 tout moment<\/strong> et d'exercer les autres droits reconnus par la loi, tels que :<\/p><ul data-start=\"5529\" data-end=\"5796\"><li data-start=\"5529\" data-end=\"5577\"><p data-start=\"5531\" data-end=\"5577\">Demander l'origine des donn\u00e9es personnelles.<\/p><\/li><li data-start=\"5578\" data-end=\"5671\"><p data-start=\"5580\" data-end=\"5671\">Demander la rectification, la mise \u00e0 jour ou l'int\u00e9gration de donn\u00e9es inexactes ou incompl\u00e8tes.<\/p><\/li><li data-start=\"5672\" data-end=\"5747\"><p data-start=\"5674\" data-end=\"5747\">Demander la suppression ou le blocage des donn\u00e9es trait\u00e9es ill\u00e9galement.<\/p><\/li><li data-start=\"5748\" data-end=\"5796\"><p data-start=\"5750\" data-end=\"5796\">s'opposer au traitement pour des motifs l\u00e9gitimes.<\/p><\/li><\/ul><p data-start=\"5798\" data-end=\"5992\">Pour exercer ces droits, les personnes concern\u00e9es peuvent contacter le contr\u00f4leur des donn\u00e9es par courrier \u00e9lectronique : <a class=\"decorated-link cursor-pointer\" rel=\"noopener\" data-start=\"5939\" data-end=\"5992\">privacy@arikigroup.eu<\/a><\/p>\t\t\t\t\t\t\t\t<\/div>\n\t\t\t\t<\/div>\n\t\t\t\t\t<\/div>\n\t\t\t\t<\/div>\n\t\t\t\t<\/div>","protected":false},"excerpt":{"rendered":"<p>POL\u00cdTICA DE PRIVACIDAD Su privacidad es importante para nosotros. La presente declaraci\u00f3n de privacidad proporciona informaci\u00f3n sobre los datos personales que \u00abARIKI \u2013 Vehicle Asset Management SL\u00bb (en adelante, ARIKI Group) recopila, as\u00ed como sobre la forma en que ARIKI Group utiliza dicha informaci\u00f3n. Pol\u00edtica de privacidad web para visitantes de este sitio Esta Pol\u00edtica [&hellip;]<\/p>\n","protected":false},"author":6,"featured_media":0,"parent":0,"menu_order":0,"comment_status":"closed","ping_status":"closed","template":"","meta":{"_monsterinsights_skip_tracking":false,"_monsterinsights_sitenote_active":false,"_monsterinsights_sitenote_note":"","_monsterinsights_sitenote_category":0,"footnotes":""},"class_list":["post-679","page","type-page","status-publish","hentry"],"yoast_head":"<!-- This site is optimized with the Yoast SEO plugin v27.4 - https:\/\/yoast.com\/product\/yoast-seo-wordpress\/ -->\n<title>Politica de Privacidad - Idvex<\/title>\n<meta name=\"robots\" content=\"noindex, nofollow\" \/>\n<meta property=\"og:locale\" content=\"fr_FR\" \/>\n<meta property=\"og:type\" content=\"article\" \/>\n<meta property=\"og:title\" content=\"Politica de Privacidad - Idvex\" \/>\n<meta property=\"og:description\" content=\"POL\u00cdTICA DE PRIVACIDAD Su privacidad es importante para nosotros. La presente declaraci\u00f3n de privacidad proporciona informaci\u00f3n sobre los datos personales que \u00abARIKI \u2013 Vehicle Asset Management SL\u00bb (en adelante, ARIKI Group) recopila, as\u00ed como sobre la forma en que ARIKI Group utiliza dicha informaci\u00f3n. Pol\u00edtica de privacidad web para visitantes de este sitio Esta Pol\u00edtica [&hellip;]\" \/>\n<meta property=\"og:url\" content=\"https:\/\/idvex.eu\/fr\/politique-de-confidentialite\/\" \/>\n<meta property=\"og:site_name\" content=\"Idvex\" \/>\n<meta property=\"article:modified_time\" content=\"2025-10-16T11:52:29+00:00\" \/>\n<meta name=\"twitter:card\" content=\"summary_large_image\" \/>\n<meta name=\"twitter:label1\" content=\"Dur\u00e9e de lecture estim\u00e9e\" \/>\n\t<meta name=\"twitter:data1\" content=\"4 minutes\" \/>\n<script type=\"application\/ld+json\" class=\"yoast-schema-graph\">{\"@context\":\"https:\\\/\\\/schema.org\",\"@graph\":[{\"@type\":\"WebPage\",\"@id\":\"https:\\\/\\\/idvex.eu\\\/politica-de-privacidad\\\/\",\"url\":\"https:\\\/\\\/idvex.eu\\\/politica-de-privacidad\\\/\",\"name\":\"Politica de Privacidad - Idvex\",\"isPartOf\":{\"@id\":\"https:\\\/\\\/idvex.eu\\\/#website\"},\"datePublished\":\"2021-08-25T06:33:12+00:00\",\"dateModified\":\"2025-10-16T11:52:29+00:00\",\"breadcrumb\":{\"@id\":\"https:\\\/\\\/idvex.eu\\\/politica-de-privacidad\\\/#breadcrumb\"},\"inLanguage\":\"fr-FR\",\"potentialAction\":[{\"@type\":\"ReadAction\",\"target\":[\"https:\\\/\\\/idvex.eu\\\/politica-de-privacidad\\\/\"]}]},{\"@type\":\"BreadcrumbList\",\"@id\":\"https:\\\/\\\/idvex.eu\\\/politica-de-privacidad\\\/#breadcrumb\",\"itemListElement\":[{\"@type\":\"ListItem\",\"position\":1,\"name\":\"Portada\",\"item\":\"https:\\\/\\\/idvex.eu\\\/\"},{\"@type\":\"ListItem\",\"position\":2,\"name\":\"Politica de Privacidad\"}]},{\"@type\":\"WebSite\",\"@id\":\"https:\\\/\\\/idvex.eu\\\/#website\",\"url\":\"https:\\\/\\\/idvex.eu\\\/\",\"name\":\"Idvex\",\"description\":\"Advanced Vehicle Detection\",\"publisher\":{\"@id\":\"https:\\\/\\\/idvex.eu\\\/#organization\"},\"potentialAction\":[{\"@type\":\"SearchAction\",\"target\":{\"@type\":\"EntryPoint\",\"urlTemplate\":\"https:\\\/\\\/idvex.eu\\\/?s={search_term_string}\"},\"query-input\":{\"@type\":\"PropertyValueSpecification\",\"valueRequired\":true,\"valueName\":\"search_term_string\"}}],\"inLanguage\":\"fr-FR\"},{\"@type\":\"Organization\",\"@id\":\"https:\\\/\\\/idvex.eu\\\/#organization\",\"name\":\"Idvex\",\"url\":\"https:\\\/\\\/idvex.eu\\\/\",\"logo\":{\"@type\":\"ImageObject\",\"inLanguage\":\"fr-FR\",\"@id\":\"https:\\\/\\\/idvex.eu\\\/#\\\/schema\\\/logo\\\/image\\\/\",\"url\":\"https:\\\/\\\/idvex.eu\\\/wp-content\\\/uploads\\\/logo_idvex_h.png\",\"contentUrl\":\"https:\\\/\\\/idvex.eu\\\/wp-content\\\/uploads\\\/logo_idvex_h.png\",\"width\":300,\"height\":100,\"caption\":\"Idvex\"},\"image\":{\"@id\":\"https:\\\/\\\/idvex.eu\\\/#\\\/schema\\\/logo\\\/image\\\/\"}}]}<\/script>\n<!-- \/ Yoast SEO plugin. -->","yoast_head_json":{"title":"Politique de confidentialit\u00e9 - Idvex","robots":{"index":"noindex","follow":"nofollow"},"og_locale":"fr_FR","og_type":"article","og_title":"Politica de Privacidad - Idvex","og_description":"POL\u00cdTICA DE PRIVACIDAD Su privacidad es importante para nosotros. La presente declaraci\u00f3n de privacidad proporciona informaci\u00f3n sobre los datos personales que \u00abARIKI \u2013 Vehicle Asset Management SL\u00bb (en adelante, ARIKI Group) recopila, as\u00ed como sobre la forma en que ARIKI Group utiliza dicha informaci\u00f3n. Pol\u00edtica de privacidad web para visitantes de este sitio Esta Pol\u00edtica [&hellip;]","og_url":"https:\/\/idvex.eu\/fr\/politique-de-confidentialite\/","og_site_name":"Idvex","article_modified_time":"2025-10-16T11:52:29+00:00","twitter_card":"summary_large_image","twitter_misc":{"Dur\u00e9e de lecture estim\u00e9e":"4 minutes"},"schema":{"@context":"https:\/\/schema.org","@graph":[{"@type":"WebPage","@id":"https:\/\/idvex.eu\/politica-de-privacidad\/","url":"https:\/\/idvex.eu\/politica-de-privacidad\/","name":"Politique de confidentialit\u00e9 - Idvex","isPartOf":{"@id":"https:\/\/idvex.eu\/#website"},"datePublished":"2021-08-25T06:33:12+00:00","dateModified":"2025-10-16T11:52:29+00:00","breadcrumb":{"@id":"https:\/\/idvex.eu\/politica-de-privacidad\/#breadcrumb"},"inLanguage":"fr-FR","potentialAction":[{"@type":"ReadAction","target":["https:\/\/idvex.eu\/politica-de-privacidad\/"]}]},{"@type":"BreadcrumbList","@id":"https:\/\/idvex.eu\/politica-de-privacidad\/#breadcrumb","itemListElement":[{"@type":"ListItem","position":1,"name":"Portada","item":"https:\/\/idvex.eu\/"},{"@type":"ListItem","position":2,"name":"Politica de Privacidad"}]},{"@type":"WebSite","@id":"https:\/\/idvex.eu\/#website","url":"https:\/\/idvex.eu\/","name":"Idvex","description":"D\u00e9tection avanc\u00e9e des v\u00e9hicules","publisher":{"@id":"https:\/\/idvex.eu\/#organization"},"potentialAction":[{"@type":"SearchAction","target":{"@type":"EntryPoint","urlTemplate":"https:\/\/idvex.eu\/?s={search_term_string}"},"query-input":{"@type":"PropertyValueSpecification","valueRequired":true,"valueName":"search_term_string"}}],"inLanguage":"fr-FR"},{"@type":"Organization","@id":"https:\/\/idvex.eu\/#organization","name":"Idvex","url":"https:\/\/idvex.eu\/","logo":{"@type":"ImageObject","inLanguage":"fr-FR","@id":"https:\/\/idvex.eu\/#\/schema\/logo\/image\/","url":"https:\/\/idvex.eu\/wp-content\/uploads\/logo_idvex_h.png","contentUrl":"https:\/\/idvex.eu\/wp-content\/uploads\/logo_idvex_h.png","width":300,"height":100,"caption":"Idvex"},"image":{"@id":"https:\/\/idvex.eu\/#\/schema\/logo\/image\/"}}]}},"_links":{"self":[{"href":"https:\/\/idvex.eu\/fr\/wp-json\/wp\/v2\/pages\/679","targetHints":{"allow":["GET"]}}],"collection":[{"href":"https:\/\/idvex.eu\/fr\/wp-json\/wp\/v2\/pages"}],"about":[{"href":"https:\/\/idvex.eu\/fr\/wp-json\/wp\/v2\/types\/page"}],"author":[{"embeddable":true,"href":"https:\/\/idvex.eu\/fr\/wp-json\/wp\/v2\/users\/6"}],"replies":[{"embeddable":true,"href":"https:\/\/idvex.eu\/fr\/wp-json\/wp\/v2\/comments?post=679"}],"version-history":[{"count":3,"href":"https:\/\/idvex.eu\/fr\/wp-json\/wp\/v2\/pages\/679\/revisions"}],"predecessor-version":[{"id":2336,"href":"https:\/\/idvex.eu\/fr\/wp-json\/wp\/v2\/pages\/679\/revisions\/2336"}],"wp:attachment":[{"href":"https:\/\/idvex.eu\/fr\/wp-json\/wp\/v2\/media?parent=679"}],"curies":[{"name":"wp","href":"https:\/\/api.w.org\/{rel}","templated":true}]}}