{"id":498,"date":"2021-07-08T16:10:58","date_gmt":"2021-07-08T14:10:58","guid":{"rendered":"https:\/\/idvex.eu\/?page_id=498"},"modified":"2025-10-16T13:52:44","modified_gmt":"2025-10-16T11:52:44","slug":"politica-de-redes-sociales","status":"publish","type":"page","link":"https:\/\/idvex.eu\/fr\/politique-en-matiere-de-medias-sociaux\/","title":{"rendered":"Politique en mati\u00e8re de m\u00e9dias sociaux"},"content":{"rendered":"<div data-elementor-type=\"wp-page\" data-elementor-id=\"498\" class=\"elementor elementor-498\" data-elementor-post-type=\"page\">\n\t\t\t\t<div class=\"elementor-element elementor-element-112070d4 e-flex e-con-boxed e-con e-parent\" data-id=\"112070d4\" data-element_type=\"container\" data-e-type=\"container\" data-settings=\"{&quot;jet_parallax_layout_list&quot;:[]}\">\n\t\t\t\t\t<div class=\"e-con-inner\">\n\t\t\t\t<div class=\"elementor-element elementor-element-4ad8da92 elementor-widget elementor-widget-text-editor\" data-id=\"4ad8da92\" data-element_type=\"widget\" data-e-type=\"widget\" data-widget_type=\"text-editor.default\">\n\t\t\t\t<div class=\"elementor-widget-container\">\n\t\t\t\t\t\t\t\t\t<p><br><\/p>\n<ol>\n<li>Informations sur le responsable du traitement des donn\u00e9es h\u00e9berg\u00e9es sur la page officielle d'ARIKI - Vehicle Asset Management SL, sur le r\u00e9seau social<\/li>\n<\/ol>\n<p>Conform\u00e9ment au devoir d'information \u00e9tabli dans le r\u00e8glement (UE) 2016\/679 du 27 avril (GDPR) et la loi organique 3\/2018, du 5 d\u00e9cembre (LOPDGDD) ARIKI - Vehicle Asset Management SL, ci-apr\u00e8s le \" Responsable \" souhaite informer les utilisateurs de ce r\u00e9seau social de la politique relative au traitement et \u00e0 la protection des donn\u00e9es personnelles des personnes qui acc\u00e8dent et utilisent volontairement la page officielle du RESPONSABLE, dans la m\u00eame. En acc\u00e9dant et en utilisant cette page officielle du RESPONSABLE, les utilisateurs acceptent express\u00e9ment cette politique de confidentialit\u00e9 et consentent au traitement de leurs donn\u00e9es personnelles conform\u00e9ment aux dispositions de celle-ci.<\/p>\n<p><\/p>\n<ol start=\"2\">\n<li>Donn\u00e9es des mineurs ou des personnes incapables<\/li>\n<\/ol>\n<p>L'acc\u00e8s et l'enregistrement sur ce r\u00e9seau social sont interdits aux mineurs de moins de quatorze (14) ans, de sorte que l'acc\u00e8s et l'utilisation par des mineurs de moins de quatorze (14) ans de la page officielle du RESPONSABLE sur ce m\u00eame r\u00e9seau sont \u00e9galement interdits. Pour sa part, si l'utilisateur est incapable, le RESPONSABLE, avertit que l'assistance consentie du titulaire de l'autorit\u00e9 parentale ou de la tutelle de l'utilisateur ou de son repr\u00e9sentant l\u00e9gal sera n\u00e9cessaire pour l'acc\u00e8s et l'utilisation de cette page officielle du RESPONSABLE, celui-ci sera express\u00e9ment exon\u00e9r\u00e9 de toute responsabilit\u00e9 pouvant d\u00e9couler de l'utilisation de sa page officielle par des mineurs et des personnes incapables, cette responsabilit\u00e9 incombant \u00e0 leurs repr\u00e9sentants l\u00e9gaux dans chaque cas.<\/p>\n<p><\/p>\n<ol start=\"3\">\n<li>Identification de la raison sociale du responsable du traitement des donn\u00e9es<\/li>\n<\/ol>\n<p>L'utilisateur est inform\u00e9 que le RESPONSABLE, dont le si\u00e8ge social est situ\u00e9 Av. V\u00eda Augusta, 15-25 - 08174 Sant Cugat del Vall\u00e8s (Barcelone), est responsable des fichiers et du traitement par lesquels les donn\u00e9es personnelles de l'utilisateur sont collect\u00e9es et stock\u00e9es \u00e0 la suite de l'inscription et de l'utilisation de la page officielle du RESPONSABLE sur ce r\u00e9seau social, sans pr\u00e9judice du traitement dont est responsable le propri\u00e9taire du r\u00e9seau social sur lequel se trouve notre page officielle.<\/p>\n<p><\/p>\n<ol start=\"4\">\n<li>Finalit\u00e9s de l'utilisation des donn\u00e9es \u00e0 caract\u00e8re personnel, information et consentement<\/li>\n<\/ol>\n<p>Les donn\u00e9es personnelles fournies volontairement par l'utilisateur au RESPONSABLE, \u00e0 travers son site web officiel, feront partie d'un traitement de donn\u00e9es sous la responsabilit\u00e9 du RESPONSABLE, dans le but d'offrir des informations du RESPONSABLE, par e-mail, fax, SMS, MMS, communaut\u00e9s sociales ou tout autre moyen \u00e9lectronique ou physique, pr\u00e9sent ou futur, permettant la communication commerciale, l'envoi de bulletins d'information aux utilisateurs qui s'y inscrivent, l'\u00e9change d'informations avec le RESPONSABLE, et d'autres utilisateurs et l'\u00e9tablissement d'une communication avec des tiers.<\/p>\n<p>\u00c0 partir du moment o\u00f9 l'utilisateur utilise ce site web officiel, il donne son consentement libre, sans \u00e9quivoque, sp\u00e9cifique, inform\u00e9 et expr\u00e8s au traitement de ses donn\u00e9es personnelles par le RESPONSABLE, en vue de la bonne prestation de ces services conform\u00e9ment aux dispositions de la pr\u00e9sente politique.<\/p>\n<p>L'utilisateur est libre d'utiliser la page officielle du RESPONSABLE sur ce r\u00e9seau social. Si l'utilisateur n'est pas d'accord avec le traitement de ses donn\u00e9es \u00e0 de telles fins, il ne doit pas l'utiliser ni fournir ses donn\u00e9es personnelles.<\/p>\n<p>Sur cette page officielle du RESPONSABLE, l'utilisateur peut partager des textes, des photos, des vid\u00e9os et d'autres types d'informations et\/ou de contenus qui seront soumis \u00e0 la fois \u00e0 la pr\u00e9sente politique et aux r\u00e8gles et conditions de la plateforme. L'utilisateur est tenu de s'assurer que tout le contenu qu'il publie est conforme \u00e0 la l\u00e9gislation en vigueur, \u00e0 la pr\u00e9sente politique et aux r\u00e8gles de la plateforme.<\/p>\n<p>L'utilisateur ne peut publier sur le site officiel du RESPONSABLE que des donn\u00e9es personnelles, des photographies et des informations ou d'autres contenus dont la propri\u00e9t\u00e9 lui appartient ou pour lesquels il a l'autorisation de tiers.<\/p>\n<p>Le RESPONSABLE a le droit de retirer de ce site officiel, unilat\u00e9ralement et sans communication ou autorisation pr\u00e9alable de l'utilisateur, tout contenu publi\u00e9 par l'utilisateur lorsque celui-ci enfreint ou viole la l\u00e9gislation en vigueur, les r\u00e8gles \u00e9tablies dans la pr\u00e9sente politique et les r\u00e8gles de la plateforme.<\/p>\n<p><\/p>\n<ol start=\"5\">\n<li>Identification des destinataires auxquels la partie responsable a l'intention de transf\u00e9rer ou de communiquer des donn\u00e9es<\/li>\n<\/ol>\n<p>L'utilisateur est averti que toutes les informations et tous les contenus publi\u00e9s sur la page officielle du RESPONSABLE sur le r\u00e9seau social peuvent \u00eatre connus par d'autres utilisateurs de la page officielle et de la plateforme du r\u00e9seau social. Par cons\u00e9quent, toutes les informations et tous les contenus publi\u00e9s par l'utilisateur sur la page officielle du RESPONSABLE sur ce r\u00e9seau social seront communiqu\u00e9s au reste des utilisateurs en raison de la nature du service.<\/p>\n<p><\/p>\n<p>Le RESPONSABLE n'entend effectuer que les transferts ou communications de donn\u00e9es qui, conform\u00e9ment \u00e0 la r\u00e9glementation en vigueur, doivent \u00eatre faits aux juges, tribunaux, administrations publiques et autorit\u00e9s comp\u00e9tentes \u00e0 caract\u00e8re administratif.<\/p>\n<p><\/p>\n<ol start=\"6\">\n<li>Autres prestataires de services tiers<\/li>\n<\/ol>\n<p>Le RESPONSABLE avertit l'utilisateur que cette entit\u00e9 est uniquement responsable et garantit la confidentialit\u00e9, la s\u00e9curit\u00e9 et le traitement des donn\u00e9es conform\u00e9ment \u00e0 la pr\u00e9sente politique, en ce qui concerne les donn\u00e9es personnelles collect\u00e9es aupr\u00e8s de l'utilisateur par le biais de cette page officielle sur ce r\u00e9seau social, il n'a aucune responsabilit\u00e9 quant au traitement et \u00e0 l'utilisation ult\u00e9rieure des donn\u00e9es personnelles qui peuvent \u00eatre effectu\u00e9s tant par le propri\u00e9taire du r\u00e9seau social que par des tiers fournisseurs de services de la soci\u00e9t\u00e9 de l'information qui peuvent acc\u00e9der \u00e0 ces donn\u00e9es dans le cadre de la prestation de leurs services ou de l'exercice de leur activit\u00e9, des tiers qui \u00e9tablissent des hyperliens vers le r\u00e9seau social, ou des responsables auxquels, par le biais d'hyperliens, le RESPONSABLE renvoie les utilisateurs qui sont membres de cette page officielle.<\/p>\n<p><\/p>\n<ol start=\"7\">\n<li>Qualit\u00e9 des donn\u00e9es<\/li>\n<\/ol>\n<p>Le RESPONSABLE avertit l'utilisateur que, sauf existence d'une repr\u00e9sentation l\u00e9galement constitu\u00e9e, aucun utilisateur ne peut utiliser l'identit\u00e9 d'une autre personne et communiquer ses donn\u00e9es personnelles, de sorte que l'utilisateur doit \u00e0 tout moment tenir compte du fait qu'il ne peut fournir que les donn\u00e9es personnelles correspondant \u00e0 sa propre identit\u00e9 et qu'elles sont ad\u00e9quates, pertinentes, actuelles, exactes et v\u00e9ridiques. Dans tous les cas, l'utilisateur doit respecter la vie priv\u00e9e des tiers, qu'ils soient ou non utilisateurs du r\u00e9seau social ou de la page officielle de RESPONSABILIT\u00c9 sur celui-ci.<\/p>\n<p><\/p>\n<ol start=\"8\">\n<li>Droits de la partie int\u00e9ress\u00e9e :<\/li>\n<\/ol>\n<p>Droit de retirer son consentement \u00e0 tout moment.<\/p>\n<p>Le droit d'acc\u00e8s, de rectification, de portabilit\u00e9 et d'effacement de vos donn\u00e9es et le droit de limiter ou de s'opposer \u00e0 leur traitement.<\/p>\n<p>Le droit d'introduire une r\u00e9clamation aupr\u00e8s de l'autorit\u00e9 de contr\u00f4le (www.aepd.es.) si vous estimez que le traitement n'est pas conforme \u00e0 la r\u00e9glementation en vigueur.<\/p>\n<p><\/p>\n<ol start=\"9\">\n<li>Autres informations d'int\u00e9r\u00eat<\/li>\n<\/ol>\n<p>Le RESPONSABLE peut modifier et\/ou remplacer cette politique \u00e0 tout moment, ce qui, selon le cas, remplacera, compl\u00e9tera et\/ou modifiera la politique actuellement publi\u00e9e ici. Par cons\u00e9quent, l'utilisateur doit y acc\u00e9der p\u00e9riodiquement afin de se tenir \u00e0 jour.<\/p>\n<p>L'utilisateur peut contacter le RESPONSABLE, par le biais de la messagerie interne du r\u00e9seau social ou aux adresses et coordonn\u00e9es suivantes :<\/p>\n<p>ARIKI - Gestion du parc automobile SL<\/p>\n<p>Av. Via Augusta, 15-25<\/p>\n<p>08174 Sant Cugat del Vall\u00e8s (Barcelone)<\/p>\n<p>privacy@arikigroup.eu<\/p>\n<p><\/p>\n<p>L'utilisateur peut \u00e9galement consulter les r\u00e8gles et politiques publi\u00e9es par le propri\u00e9taire du r\u00e9seau social pour l'utilisation de celui-ci.<\/p>\t\t\t\t\t\t\t\t<\/div>\n\t\t\t\t<\/div>\n\t\t\t\t\t<\/div>\n\t\t\t\t<\/div>\n\t\t\t\t<\/div>","protected":false},"excerpt":{"rendered":"<p>Informaci\u00f3n sobre el responsable del tratamiento de los datos alojados en la p\u00e1gina oficial de ARIKI &#8211; Vehicle Asset Management SL, en la red social De conformidad al deber de informaci\u00f3n establecido en el Reglamento (UE) 2016\/679 de 27 de abril (GDPR) y la Ley Org\u00e1nica 3\/2018, de 5 de diciembre (LOPDGDD) ARIKI &#8211; Vehicle [&hellip;]<\/p>\n","protected":false},"author":6,"featured_media":0,"parent":0,"menu_order":0,"comment_status":"closed","ping_status":"closed","template":"","meta":{"_monsterinsights_skip_tracking":false,"_monsterinsights_sitenote_active":false,"_monsterinsights_sitenote_note":"","_monsterinsights_sitenote_category":0,"footnotes":""},"class_list":["post-498","page","type-page","status-publish","hentry"],"yoast_head":"<!-- This site is optimized with the Yoast SEO plugin v27.4 - https:\/\/yoast.com\/product\/yoast-seo-wordpress\/ -->\n<title>Pol\u00edtica de Redes Sociales - Idvex<\/title>\n<meta name=\"robots\" content=\"noindex, nofollow\" \/>\n<meta property=\"og:locale\" content=\"fr_FR\" \/>\n<meta property=\"og:type\" content=\"article\" \/>\n<meta property=\"og:title\" content=\"Pol\u00edtica de Redes Sociales - Idvex\" \/>\n<meta property=\"og:description\" content=\"Informaci\u00f3n sobre el responsable del tratamiento de los datos alojados en la p\u00e1gina oficial de ARIKI &#8211; Vehicle Asset Management SL, en la red social De conformidad al deber de informaci\u00f3n establecido en el Reglamento (UE) 2016\/679 de 27 de abril (GDPR) y la Ley Org\u00e1nica 3\/2018, de 5 de diciembre (LOPDGDD) ARIKI &#8211; Vehicle [&hellip;]\" \/>\n<meta property=\"og:url\" content=\"https:\/\/idvex.eu\/fr\/politique-en-matiere-de-medias-sociaux\/\" \/>\n<meta property=\"og:site_name\" content=\"Idvex\" \/>\n<meta property=\"article:modified_time\" content=\"2025-10-16T11:52:44+00:00\" \/>\n<meta name=\"twitter:card\" content=\"summary_large_image\" \/>\n<meta name=\"twitter:label1\" content=\"Dur\u00e9e de lecture estim\u00e9e\" \/>\n\t<meta name=\"twitter:data1\" content=\"6 minutes\" \/>\n<script type=\"application\/ld+json\" class=\"yoast-schema-graph\">{\"@context\":\"https:\\\/\\\/schema.org\",\"@graph\":[{\"@type\":\"WebPage\",\"@id\":\"https:\\\/\\\/idvex.eu\\\/politica-de-redes-sociales\\\/\",\"url\":\"https:\\\/\\\/idvex.eu\\\/politica-de-redes-sociales\\\/\",\"name\":\"Pol\u00edtica de Redes Sociales - Idvex\",\"isPartOf\":{\"@id\":\"https:\\\/\\\/idvex.eu\\\/#website\"},\"datePublished\":\"2021-07-08T14:10:58+00:00\",\"dateModified\":\"2025-10-16T11:52:44+00:00\",\"breadcrumb\":{\"@id\":\"https:\\\/\\\/idvex.eu\\\/politica-de-redes-sociales\\\/#breadcrumb\"},\"inLanguage\":\"fr-FR\",\"potentialAction\":[{\"@type\":\"ReadAction\",\"target\":[\"https:\\\/\\\/idvex.eu\\\/politica-de-redes-sociales\\\/\"]}]},{\"@type\":\"BreadcrumbList\",\"@id\":\"https:\\\/\\\/idvex.eu\\\/politica-de-redes-sociales\\\/#breadcrumb\",\"itemListElement\":[{\"@type\":\"ListItem\",\"position\":1,\"name\":\"Portada\",\"item\":\"https:\\\/\\\/idvex.eu\\\/\"},{\"@type\":\"ListItem\",\"position\":2,\"name\":\"Pol\u00edtica de Redes Sociales\"}]},{\"@type\":\"WebSite\",\"@id\":\"https:\\\/\\\/idvex.eu\\\/#website\",\"url\":\"https:\\\/\\\/idvex.eu\\\/\",\"name\":\"Idvex\",\"description\":\"Advanced Vehicle Detection\",\"publisher\":{\"@id\":\"https:\\\/\\\/idvex.eu\\\/#organization\"},\"potentialAction\":[{\"@type\":\"SearchAction\",\"target\":{\"@type\":\"EntryPoint\",\"urlTemplate\":\"https:\\\/\\\/idvex.eu\\\/?s={search_term_string}\"},\"query-input\":{\"@type\":\"PropertyValueSpecification\",\"valueRequired\":true,\"valueName\":\"search_term_string\"}}],\"inLanguage\":\"fr-FR\"},{\"@type\":\"Organization\",\"@id\":\"https:\\\/\\\/idvex.eu\\\/#organization\",\"name\":\"Idvex\",\"url\":\"https:\\\/\\\/idvex.eu\\\/\",\"logo\":{\"@type\":\"ImageObject\",\"inLanguage\":\"fr-FR\",\"@id\":\"https:\\\/\\\/idvex.eu\\\/#\\\/schema\\\/logo\\\/image\\\/\",\"url\":\"https:\\\/\\\/idvex.eu\\\/wp-content\\\/uploads\\\/logo_idvex_h.png\",\"contentUrl\":\"https:\\\/\\\/idvex.eu\\\/wp-content\\\/uploads\\\/logo_idvex_h.png\",\"width\":300,\"height\":100,\"caption\":\"Idvex\"},\"image\":{\"@id\":\"https:\\\/\\\/idvex.eu\\\/#\\\/schema\\\/logo\\\/image\\\/\"}}]}<\/script>\n<!-- \/ Yoast SEO plugin. -->","yoast_head_json":{"title":"Politique en mati\u00e8re de m\u00e9dias sociaux - Idvex","robots":{"index":"noindex","follow":"nofollow"},"og_locale":"fr_FR","og_type":"article","og_title":"Pol\u00edtica de Redes Sociales - Idvex","og_description":"Informaci\u00f3n sobre el responsable del tratamiento de los datos alojados en la p\u00e1gina oficial de ARIKI &#8211; Vehicle Asset Management SL, en la red social De conformidad al deber de informaci\u00f3n establecido en el Reglamento (UE) 2016\/679 de 27 de abril (GDPR) y la Ley Org\u00e1nica 3\/2018, de 5 de diciembre (LOPDGDD) ARIKI &#8211; Vehicle [&hellip;]","og_url":"https:\/\/idvex.eu\/fr\/politique-en-matiere-de-medias-sociaux\/","og_site_name":"Idvex","article_modified_time":"2025-10-16T11:52:44+00:00","twitter_card":"summary_large_image","twitter_misc":{"Dur\u00e9e de lecture estim\u00e9e":"6 minutes"},"schema":{"@context":"https:\/\/schema.org","@graph":[{"@type":"WebPage","@id":"https:\/\/idvex.eu\/politica-de-redes-sociales\/","url":"https:\/\/idvex.eu\/politica-de-redes-sociales\/","name":"Politique en mati\u00e8re de m\u00e9dias sociaux - Idvex","isPartOf":{"@id":"https:\/\/idvex.eu\/#website"},"datePublished":"2021-07-08T14:10:58+00:00","dateModified":"2025-10-16T11:52:44+00:00","breadcrumb":{"@id":"https:\/\/idvex.eu\/politica-de-redes-sociales\/#breadcrumb"},"inLanguage":"fr-FR","potentialAction":[{"@type":"ReadAction","target":["https:\/\/idvex.eu\/politica-de-redes-sociales\/"]}]},{"@type":"BreadcrumbList","@id":"https:\/\/idvex.eu\/politica-de-redes-sociales\/#breadcrumb","itemListElement":[{"@type":"ListItem","position":1,"name":"Portada","item":"https:\/\/idvex.eu\/"},{"@type":"ListItem","position":2,"name":"Pol\u00edtica de Redes Sociales"}]},{"@type":"WebSite","@id":"https:\/\/idvex.eu\/#website","url":"https:\/\/idvex.eu\/","name":"Idvex","description":"D\u00e9tection avanc\u00e9e des v\u00e9hicules","publisher":{"@id":"https:\/\/idvex.eu\/#organization"},"potentialAction":[{"@type":"SearchAction","target":{"@type":"EntryPoint","urlTemplate":"https:\/\/idvex.eu\/?s={search_term_string}"},"query-input":{"@type":"PropertyValueSpecification","valueRequired":true,"valueName":"search_term_string"}}],"inLanguage":"fr-FR"},{"@type":"Organization","@id":"https:\/\/idvex.eu\/#organization","name":"Idvex","url":"https:\/\/idvex.eu\/","logo":{"@type":"ImageObject","inLanguage":"fr-FR","@id":"https:\/\/idvex.eu\/#\/schema\/logo\/image\/","url":"https:\/\/idvex.eu\/wp-content\/uploads\/logo_idvex_h.png","contentUrl":"https:\/\/idvex.eu\/wp-content\/uploads\/logo_idvex_h.png","width":300,"height":100,"caption":"Idvex"},"image":{"@id":"https:\/\/idvex.eu\/#\/schema\/logo\/image\/"}}]}},"_links":{"self":[{"href":"https:\/\/idvex.eu\/fr\/wp-json\/wp\/v2\/pages\/498","targetHints":{"allow":["GET"]}}],"collection":[{"href":"https:\/\/idvex.eu\/fr\/wp-json\/wp\/v2\/pages"}],"about":[{"href":"https:\/\/idvex.eu\/fr\/wp-json\/wp\/v2\/types\/page"}],"author":[{"embeddable":true,"href":"https:\/\/idvex.eu\/fr\/wp-json\/wp\/v2\/users\/6"}],"replies":[{"embeddable":true,"href":"https:\/\/idvex.eu\/fr\/wp-json\/wp\/v2\/comments?post=498"}],"version-history":[{"count":3,"href":"https:\/\/idvex.eu\/fr\/wp-json\/wp\/v2\/pages\/498\/revisions"}],"predecessor-version":[{"id":2361,"href":"https:\/\/idvex.eu\/fr\/wp-json\/wp\/v2\/pages\/498\/revisions\/2361"}],"wp:attachment":[{"href":"https:\/\/idvex.eu\/fr\/wp-json\/wp\/v2\/media?parent=498"}],"curies":[{"name":"wp","href":"https:\/\/api.w.org\/{rel}","templated":true}]}}